{"id":150564328,"date":"2026-02-18T00:16:45","date_gmt":"2026-02-18T03:16:45","guid":{"rendered":"https:\/\/www.wellingtondemelo.com.br\/site\/?page_id=150564328"},"modified":"2026-03-01T08:17:00","modified_gmt":"2026-03-01T11:17:00","slug":"termos-e-privacidade","status":"publish","type":"page","link":"https:\/\/www.wellingtondemelo.com.br\/site\/termos-e-privacidade\/","title":{"rendered":"Termos e Privacidade"},"content":{"rendered":"\t\t<div data-elementor-type=\"wp-page\" data-elementor-id=\"150564328\" class=\"elementor elementor-150564328\" data-elementor-post-type=\"page\">\n\t\t\t\t\t\t<section class=\"elementor-section elementor-top-section elementor-element elementor-element-71e3ea9 elementor-section-boxed elementor-section-height-default elementor-section-height-default\" data-id=\"71e3ea9\" data-element_type=\"section\" data-e-type=\"section\">\n\t\t\t\t\t\t<div class=\"elementor-container elementor-column-gap-default\">\n\t\t\t\t\t<div class=\"elementor-column elementor-col-100 elementor-top-column elementor-element elementor-element-acb6846\" data-id=\"acb6846\" data-element_type=\"column\" data-e-type=\"column\">\n\t\t\t<div class=\"elementor-widget-wrap elementor-element-populated\">\n\t\t\t\t\t\t<div class=\"elementor-element elementor-element-98efaaa elementor-widget elementor-widget-heading\" data-id=\"98efaaa\" data-element_type=\"widget\" data-e-type=\"widget\" data-widget_type=\"heading.default\">\n\t\t\t\t<div class=\"elementor-widget-container\">\n\t\t\t\t\t<h2 class=\"elementor-heading-title elementor-size-default\">Termos e privacidade<\/h2>\t\t\t\t<\/div>\n\t\t\t\t<\/div>\n\t\t\t\t<div class=\"elementor-element elementor-element-93998a8 elementor-widget elementor-widget-text-editor\" data-id=\"93998a8\" data-element_type=\"widget\" data-e-type=\"widget\" data-widget_type=\"text-editor.default\">\n\t\t\t\t<div class=\"elementor-widget-container\">\n\t\t\t\t\t\t\t\t\t<p><b><span class=\"font-semibold\">1. Quem somos<\/span>&nbsp;<\/b>O endere\u00e7o do nosso site \u00e9: <a class=\"text-ds-text-chat-link hover:text-ds-text-chat-link-hover break-all hover:underline\" style=\"background-color: #0a0a0a;\" href=\"https:\/\/www.wellingtondemelo.com.br\/\" target=\"_blank\" rel=\"noopener noreferrer\">https:\/\/www.wellingtondemelo.com.br<\/a>. Este site \u00e9 operado por Wellington de Melo e sua equipe de assistentes, doravante referido como &#8220;n\u00f3s&#8221;.<\/p>\n<p><strong><span class=\"font-semibold\">2. Quais dados pessoais coletamos e por que<\/span> <span class=\"font-semibold\">Formul\u00e1rios de Contato e Aplica\u00e7\u00e3o:<\/span> <\/strong>Ao preencher formul\u00e1rios em nosso site (como a aplica\u00e7\u00e3o para a Mentoria Travessia ou Raio X da Ideia), coletamos seu nome, e-mail, telefone e informa\u00e7\u00f5es sobre seu projeto liter\u00e1rio. Esses dados s\u00e3o usados exclusivamente para an\u00e1lise de perfil e comunica\u00e7\u00e3o comercial direta. <span class=\"font-semibold\"><b>Cookies<\/b>:<\/span> Utilizamos cookies para melhorar sua experi\u00eancia de navega\u00e7\u00e3o e para fins de marketing (Google Analytics, Meta Ads). Voc\u00ea pode desativar os cookies no seu navegador a qualquer momento.<\/p>\n<p><span class=\"font-semibold\">3. <b>Com quem partilhamos seus dados<\/b><\/span> Seus dados n\u00e3o s\u00e3o vendidos ou alugados. Eles podem ser compartilhados apenas com ferramentas de processamento necess\u00e1rias para a opera\u00e7\u00e3o do servi\u00e7o (ex: plataforma de e-mail marketing, gateway de pagamento).<\/p>\n<p><span class=\"font-semibold\">4. <b>Seus direitos sobre seus dados<\/b><\/span> De acordo com a LGPD, voc\u00ea pode solicitar a qualquer momento a exporta\u00e7\u00e3o ou exclus\u00e3o dos seus dados pessoais de nossa base. Basta enviar um e-mail para contato@wellingtondemelo.com.br.<\/p>\n<p><span class=\"font-semibold\">5. <b>Termos de Uso<\/b><\/span> Todo o conte\u00fado deste site (textos, imagens, metodologia) \u00e9 propriedade intelectual de Wellington de Melo. \u00c9 proibida a reprodu\u00e7\u00e3o sem autoriza\u00e7\u00e3o pr\u00e9via.<\/p>\n<p><span class=\"font-semibold\">6. <b>Pagamentos e Cancelamentos<\/b><\/span><b> <span class=\"font-semibold\">Sess\u00e3o Veredas:<\/span><\/b> Reagendamentos devem ser solicitados com 24h de anteced\u00eancia. Cancelamentos com menos de 24h n\u00e3o s\u00e3o reembols\u00e1veis. <span class=\"font-semibold\">Mentoria Travessia:<\/span> Regida por contrato espec\u00edfico assinado entre as partes no in\u00edcio do acompanhamento.<\/p>\t\t\t\t\t\t\t\t<\/div>\n\t\t\t\t<\/div>\n\t\t\t\t\t<\/div>\n\t\t<\/div>\n\t\t\t\t\t<\/div>\n\t\t<\/section>\n\t\t\t\t<\/div>\n\t\t","protected":false},"excerpt":{"rendered":"<p>Termos e privacidade 1. Quem somos&nbsp;O endere\u00e7o do nosso site \u00e9: https:\/\/www.wellingtondemelo.com.br. Este site \u00e9 operado por Wellington de Melo e sua equipe de assistentes, doravante referido como &#8220;n\u00f3s&#8221;. 2. Quais dados pessoais coletamos e por que Formul\u00e1rios de Contato e Aplica\u00e7\u00e3o: Ao preencher formul\u00e1rios em nosso site (como a aplica\u00e7\u00e3o para a Mentoria Travessia [&hellip;]<\/p>\n","protected":false},"author":1,"featured_media":0,"parent":0,"menu_order":0,"comment_status":"closed","ping_status":"closed","template":"","meta":{"inline_featured_image":false,"footnotes":""},"class_list":["post-150564328","page","type-page","status-publish","hentry"],"yoast_head":"<!-- This site is optimized with the Yoast SEO plugin v27.4 - https:\/\/yoast.com\/product\/yoast-seo-wordpress\/ -->\n<title>Termos e Privacidade - Wellington de Melo | escritor<\/title>\n<meta name=\"robots\" content=\"index, follow, max-snippet:-1, max-image-preview:large, max-video-preview:-1\" \/>\n<link rel=\"canonical\" href=\"https:\/\/www.wellingtondemelo.com.br\/site\/termos-e-privacidade\/\" \/>\n<meta name=\"twitter:card\" content=\"summary_large_image\" \/>\n<meta name=\"twitter:title\" content=\"Termos e Privacidade - Wellington de Melo | escritor\" \/>\n<meta name=\"twitter:description\" content=\"Termos e privacidade 1. Quem somos&nbsp;O endere\u00e7o do nosso site \u00e9: https:\/\/www.wellingtondemelo.com.br. Este site \u00e9 operado por Wellington de Melo e sua equipe de assistentes, doravante referido como &#8220;n\u00f3s&#8221;. 2. Quais dados pessoais coletamos e por que Formul\u00e1rios de Contato e Aplica\u00e7\u00e3o: Ao preencher formul\u00e1rios em nosso site (como a aplica\u00e7\u00e3o para a Mentoria Travessia [&hellip;]\" \/>\n<meta name=\"twitter:site\" content=\"@wjdemelo\" \/>\n<meta name=\"twitter:label1\" content=\"Est. tempo de leitura\" \/>\n\t<meta name=\"twitter:data1\" content=\"2 minutos\" \/>\n<script type=\"application\/ld+json\" class=\"yoast-schema-graph\">{\"@context\":\"https:\\\/\\\/schema.org\",\"@graph\":[{\"@type\":\"WebPage\",\"@id\":\"https:\\\/\\\/www.wellingtondemelo.com.br\\\/site\\\/termos-e-privacidade\\\/\",\"url\":\"https:\\\/\\\/www.wellingtondemelo.com.br\\\/site\\\/termos-e-privacidade\\\/\",\"name\":\"Termos e Privacidade - Wellington de Melo | escritor\",\"isPartOf\":{\"@id\":\"https:\\\/\\\/www.wellingtondemelo.com.br\\\/site\\\/#website\"},\"datePublished\":\"2026-02-18T03:16:45+00:00\",\"dateModified\":\"2026-03-01T11:17:00+00:00\",\"breadcrumb\":{\"@id\":\"https:\\\/\\\/www.wellingtondemelo.com.br\\\/site\\\/termos-e-privacidade\\\/#breadcrumb\"},\"inLanguage\":\"pt-BR\",\"potentialAction\":[{\"@type\":\"ReadAction\",\"target\":[\"https:\\\/\\\/www.wellingtondemelo.com.br\\\/site\\\/termos-e-privacidade\\\/\"]}]},{\"@type\":\"BreadcrumbList\",\"@id\":\"https:\\\/\\\/www.wellingtondemelo.com.br\\\/site\\\/termos-e-privacidade\\\/#breadcrumb\",\"itemListElement\":[{\"@type\":\"ListItem\",\"position\":1,\"name\":\"In\u00edcio\",\"item\":\"https:\\\/\\\/www.wellingtondemelo.com.br\\\/site\\\/\"},{\"@type\":\"ListItem\",\"position\":2,\"name\":\"Termos e Privacidade\"}]},{\"@type\":\"WebSite\",\"@id\":\"https:\\\/\\\/www.wellingtondemelo.com.br\\\/site\\\/#website\",\"url\":\"https:\\\/\\\/www.wellingtondemelo.com.br\\\/site\\\/\",\"name\":\"Wellington de Melo | escritor\",\"description\":\"P\u00e1gina do escritor Wellington de Melo\",\"potentialAction\":[{\"@type\":\"SearchAction\",\"target\":{\"@type\":\"EntryPoint\",\"urlTemplate\":\"https:\\\/\\\/www.wellingtondemelo.com.br\\\/site\\\/?s={search_term_string}\"},\"query-input\":{\"@type\":\"PropertyValueSpecification\",\"valueRequired\":true,\"valueName\":\"search_term_string\"}}],\"inLanguage\":\"pt-BR\"}]}<\/script>\n<!-- \/ Yoast SEO plugin. -->","yoast_head_json":{"title":"Termos e Privacidade - Wellington de Melo | escritor","robots":{"index":"index","follow":"follow","max-snippet":"max-snippet:-1","max-image-preview":"max-image-preview:large","max-video-preview":"max-video-preview:-1"},"canonical":"https:\/\/www.wellingtondemelo.com.br\/site\/termos-e-privacidade\/","twitter_card":"summary_large_image","twitter_title":"Termos e Privacidade - Wellington de Melo | escritor","twitter_description":"Termos e privacidade 1. Quem somos&nbsp;O endere\u00e7o do nosso site \u00e9: https:\/\/www.wellingtondemelo.com.br. Este site \u00e9 operado por Wellington de Melo e sua equipe de assistentes, doravante referido como &#8220;n\u00f3s&#8221;. 2. Quais dados pessoais coletamos e por que Formul\u00e1rios de Contato e Aplica\u00e7\u00e3o: Ao preencher formul\u00e1rios em nosso site (como a aplica\u00e7\u00e3o para a Mentoria Travessia [&hellip;]","twitter_site":"@wjdemelo","twitter_misc":{"Est. tempo de leitura":"2 minutos"},"schema":{"@context":"https:\/\/schema.org","@graph":[{"@type":"WebPage","@id":"https:\/\/www.wellingtondemelo.com.br\/site\/termos-e-privacidade\/","url":"https:\/\/www.wellingtondemelo.com.br\/site\/termos-e-privacidade\/","name":"Termos e Privacidade - Wellington de Melo | escritor","isPartOf":{"@id":"https:\/\/www.wellingtondemelo.com.br\/site\/#website"},"datePublished":"2026-02-18T03:16:45+00:00","dateModified":"2026-03-01T11:17:00+00:00","breadcrumb":{"@id":"https:\/\/www.wellingtondemelo.com.br\/site\/termos-e-privacidade\/#breadcrumb"},"inLanguage":"pt-BR","potentialAction":[{"@type":"ReadAction","target":["https:\/\/www.wellingtondemelo.com.br\/site\/termos-e-privacidade\/"]}]},{"@type":"BreadcrumbList","@id":"https:\/\/www.wellingtondemelo.com.br\/site\/termos-e-privacidade\/#breadcrumb","itemListElement":[{"@type":"ListItem","position":1,"name":"In\u00edcio","item":"https:\/\/www.wellingtondemelo.com.br\/site\/"},{"@type":"ListItem","position":2,"name":"Termos e Privacidade"}]},{"@type":"WebSite","@id":"https:\/\/www.wellingtondemelo.com.br\/site\/#website","url":"https:\/\/www.wellingtondemelo.com.br\/site\/","name":"Wellington de Melo | escritor","description":"P\u00e1gina do escritor Wellington de Melo","potentialAction":[{"@type":"SearchAction","target":{"@type":"EntryPoint","urlTemplate":"https:\/\/www.wellingtondemelo.com.br\/site\/?s={search_term_string}"},"query-input":{"@type":"PropertyValueSpecification","valueRequired":true,"valueName":"search_term_string"}}],"inLanguage":"pt-BR"}]}},"_links":{"self":[{"href":"https:\/\/www.wellingtondemelo.com.br\/site\/wp-json\/wp\/v2\/pages\/150564328","targetHints":{"allow":["GET"]}}],"collection":[{"href":"https:\/\/www.wellingtondemelo.com.br\/site\/wp-json\/wp\/v2\/pages"}],"about":[{"href":"https:\/\/www.wellingtondemelo.com.br\/site\/wp-json\/wp\/v2\/types\/page"}],"author":[{"embeddable":true,"href":"https:\/\/www.wellingtondemelo.com.br\/site\/wp-json\/wp\/v2\/users\/1"}],"replies":[{"embeddable":true,"href":"https:\/\/www.wellingtondemelo.com.br\/site\/wp-json\/wp\/v2\/comments?post=150564328"}],"version-history":[{"count":16,"href":"https:\/\/www.wellingtondemelo.com.br\/site\/wp-json\/wp\/v2\/pages\/150564328\/revisions"}],"predecessor-version":[{"id":150564615,"href":"https:\/\/www.wellingtondemelo.com.br\/site\/wp-json\/wp\/v2\/pages\/150564328\/revisions\/150564615"}],"wp:attachment":[{"href":"https:\/\/www.wellingtondemelo.com.br\/site\/wp-json\/wp\/v2\/media?parent=150564328"}],"curies":[{"name":"wp","href":"https:\/\/api.w.org\/{rel}","templated":true}]}}