{"id":1575,"date":"2008-10-29T18:16:11","date_gmt":"2008-10-29T21:16:11","guid":{"rendered":"http:\/\/www.wellingtondemelo.com.br\/site\/?page_id=1575"},"modified":"2013-03-10T15:28:00","modified_gmt":"2013-03-10T18:28:00","slug":"comprar_desvirtual_provisorio","status":"publish","type":"page","link":"https:\/\/www.wellingtondemelo.com.br\/site\/comprar_desvirtual_provisorio\/","title":{"rendered":"[desvirtual provis\u00f3rio]"},"content":{"rendered":"<div class=\"layout-50-left\">\n<p>Este \u00e9 meu segundo livro de poemas, lan\u00e7ado em 2008 pela Canal6 Editora\u00a0 (Bauru\/SP). A editora s\u00f3 deu o selo, porque tudo foi bancado por mim:\u00a0 a diagrama\u00e7\u00e3o do livro foi feita usando o bom e velho Word para o miolo e o Corel Draw para a capa. A imagem da capa \u00e9 um fragmento de uma tela de minha autoria, bem como as fotos e ilustra\u00e7\u00f5es do interior.<\/p>\n<p>Eu j\u00e1 falei sobre isso antes, mas, ao contr\u00e1rio do que parece, os poemas deste livro falam n\u00e3o s\u00f3 sobre a M@quina &#8211; assim, com arroba, para representar a m\u00e1quina p\u00f3s-moderna da imagem &#8211; mas sobre o Homem, sobre o que \u00e9 ser humano no come\u00e7o do s\u00e9culo XXI, de como perdemos o que h\u00e1 de humano em n\u00f3s e de como o que h\u00e1 de humano em n\u00f3s tamb\u00e9m \u00e9 corrupto &#8211; n\u00e3o posso ignorar Baudelaire, para quem<\/p>\n<blockquote><p>&#8220;l&#8217;homme , c&#8217;est-\u00e0-dire chacun, est si <em>naturellement<\/em> d\u00e9prav\u00e9&#8221;.<\/p><\/blockquote>\n<p>Para isso eu percorro &#8220;paisagens&#8221; ora apocal\u00edpticas, ora redentoras, ora melanc\u00f3licas\u00a0 &#8211; Pessoa diz que &#8220;todo estado da alma \u00e9 uma paisagem &#8211; que v\u00e3o descrevendo a M@quina enquanto revelam a pr\u00f3pria face contradit\u00f3ria do homem dito &#8220;p\u00f3s-moderno&#8221;. O livro se divide em cinco partes: A Proto-M@quina, A M@quina, A Anti-M@quina, A Hiper-M@quina e O P\u00f3. Inicialmente o livro deveria ter quatro partes, cada uma com dez poemas, o que daria o n\u00famero de quarenta, que acho um n\u00famero meio cabal\u00edstico. O percurso do livro n\u00e3o \u00e9 o percurso do que chamo &#8216;m@quina&#8217;, mas a perspectiva do narrador dessa odisseia frente a ela. O cap\u00edtulo inicial retoma a tem\u00e1tica metalingu\u00edstica, uma vez que retorno \u00e0 reflex\u00e3o sobre o fazer po\u00e9tico como o que precede a experi\u00eancia com a m@quina, mas ao mesmo tempo prepara o olhar para ela. Por isso os dois pr\u00f3ximos cap\u00edtulos s\u00e3o antag\u00f4nicos: m@quina e anti-m@quina, o que h\u00e1 de humano em cada uma delas &#8211; veja que n\u00e3o h\u00e1 dicotomia entre algo como m@quina\/ n\u00e3o-m@quina, uma vez que considero que se imbricam. Da\u00ed usar &#8216;anti&#8217; no lugar de &#8216;n\u00e3o&#8217;. A hiper-m@quina \u00e9 aquilo que a princ\u00edpio restaria, s\u00edntese ou resqu\u00edcio do que sobrevive ao conflito homem\/m@quina. Mais uma vez, n\u00e3o se trata da oposi\u00e7\u00e3o org\u00e2nico\/inorg\u00e2nico. Se pudesse pensar em oposi\u00e7\u00f5es, ficaria com velocidade\/paisagem, automatismo\/ detalhe ou qualquer outra mais disparatada. Nesse quarto bloco eu retorno a temas como inf\u00e2ncia, fam\u00edlia e afetos. Aquilo que acho que &#8216;suplanta&#8217; a m@quina.<\/p>\n<p>Mas, depois de dar o livro como acabado, surgiu o cap\u00edtulo O p\u00f3, que \u00e9 um \u00fanico poema em seis partes, que me veio de um s\u00f3 f\u00f4lego, numa noite s\u00f3. Depois de ler o livro todo, esse poema veio como uma segunda s\u00edntese e \u00e9 quase um ep\u00edlogo do livro, quando o narrador se afasta das paisagens apocal\u00edpticas das quatro primeiras partes e, a\u00ed sim, sintetiza,\u00a0 de maneira particularmente verborr\u00e1gica, o percurso do homem e sua luta\/paix\u00e3o com\/pela m@quina. Ao mesmo tempo, O p\u00f3 traz uma reflex\u00e3o sobre a dita &#8216;condi\u00e7\u00e3o p\u00f3s-moderna&#8217;, esse limiar sem nome em que supostamente nos encontramos. N\u00e3o posso negar influ\u00eancias surrealistas nessa \u00faltima parte, o que n\u00e3o me obriga a classificar esse livro como neossurrealista ou coisa que o valha.<\/p>\n<p>Acredito, de qualquer maneira, que foi nesse livro que assumi de vez a poesia como uma forma de pensar. Sei que criticar\u00e3o essa minha &#8216;po\u00e9tica&#8217;, ou seja, minha maneira de perceber a poesia, mas longe de mim achar que essa \u00e9 a \u00fanica acep\u00e7\u00e3o para o termo.<\/p>\n<\/div>\n<div class=\"layout-50-right\">\n<p><a href=\"https:\/\/www.wellingtondemelo.com.br\/site\/wp-content\/uploads\/2008\/10\/capa-e1362919195264.jpg\"><img fetchpriority=\"high\" decoding=\"async\" class=\"size-full wp-image-2284 aligncenter\" alt=\"[desvirtual provis\u00f3rio]\" src=\"https:\/\/www.wellingtondemelo.com.br\/site\/wp-content\/uploads\/2008\/10\/capa-e1362919195264.jpg\" width=\"245\" height=\"350\" srcset=\"https:\/\/www.wellingtondemelo.com.br\/site\/wp-content\/uploads\/2008\/10\/capa-e1362919195264.jpg 245w, https:\/\/www.wellingtondemelo.com.br\/site\/wp-content\/uploads\/2008\/10\/capa-e1362919195264-150x214.jpg 150w\" sizes=\"(max-width: 245px) 100vw, 245px\" \/><\/a><\/p>\n<p>Se quiser ler o que a cr\u00edtica vem falando do livro, clique <a href=\"http:\/\/wellingtondemelo.com.br\/site\/category\/imprensa\/critica\/\" target=\"_blank\">aqui<\/a>. Para ler a mat\u00e9ria publicada no Jornal do Commercio,\u00a0 clique <a href=\"http:\/\/wellingtondemelo.com.br\/site\/2008\/11\/wellington-de-melo-enfrenta-a-maquina\/\" target=\"_blank\">aqui<\/a>. Para assistir \u00e0 entrevista feita comigo no Bom Dia Pernambuco (Rede Globo), clique <a href=\"http:\/\/wellingtondemelo.com.br\/site\/2009\/01\/entrevista-no-bom-dia-pernambuco\/\" target=\"_blank\">aqui<\/a>. Para ouvir a entrevista dada ao programa Caf\u00e9 Colombo (R\u00e1dio Universit\u00e1ria), clique <a href=\"http:\/\/wellingtondemelo.com.br\/site\/2009\/01\/entrevista-no-cafe-colombo-3\/\" target=\"_blank\">aqui<\/a>. Para ouvir o poema [CASA] na voz de Mariane Bigio, clique <a href=\"http:\/\/wellingtondemelo.com.br\/site\/2009\/03\/leitura-no-pois-e-poesia\/\" target=\"_blank\">aqui<\/a>.<\/p>\n<h3>Compre este\u00a0livro:<\/h3>\n<h3><a href=\"http:\/\/www.estantevirtual.com.br\/mod_perl\/info.cgi?livro=40487704\" target=\"_blank\"><img decoding=\"async\" class=\"size-full wp-image-7646 alignleft\" title=\"Compre pela Estante Virtual\" alt=\"\" src=\"http:\/\/wellingtondemelo.com.br\/site\/wp-content\/uploads\/2008\/10\/estante-virtual1.png\" width=\"200\" height=\"16\" srcset=\"https:\/\/www.wellingtondemelo.com.br\/site\/wp-content\/uploads\/2008\/10\/estante-virtual1.png 350w, https:\/\/www.wellingtondemelo.com.br\/site\/wp-content\/uploads\/2008\/10\/estante-virtual1-150x12.png 150w, https:\/\/www.wellingtondemelo.com.br\/site\/wp-content\/uploads\/2008\/10\/estante-virtual1-300x24.png 300w\" sizes=\"(max-width: 200px) 100vw, 200px\" \/><\/a><\/h3>\n<form action=\"https:\/\/www.paypal.com\/cgi-bin\/webscr\" method=\"post\"><img decoding=\"async\" alt=\"\" src=\"https:\/\/www.paypalobjects.com\/pt_BR\/i\/scr\/pixel.gif\" width=\"1\" height=\"1\" border=\"0\" \/><a href=\"http:\/\/www.livrariacultura.com.br\/scripts\/resenha\/resenha.asp?nitem=7027602&amp;sid=117191159141226509667409067\"><img loading=\"lazy\" decoding=\"async\" class=\"alignleft size-full wp-image-10313\" alt=\"cultura\" src=\"https:\/\/www.wellingtondemelo.com.br\/site\/wp-content\/uploads\/2011\/02\/cultura.jpg\" width=\"150\" height=\"31\" \/><\/a><\/form>\n<\/div>\n","protected":false},"excerpt":{"rendered":"<p>Este \u00e9 meu segundo livro de poemas, lan\u00e7ado em 2008 pela Canal6 Editora\u00a0 (Bauru\/SP). A editora s\u00f3 deu o selo, porque tudo foi bancado por mim:\u00a0 a diagrama\u00e7\u00e3o do livro foi feita usando o bom e velho Word para o miolo e o Corel Draw para a capa. A imagem da capa \u00e9 um fragmento [&hellip;]<\/p>\n","protected":false},"author":5,"featured_media":0,"parent":0,"menu_order":10,"comment_status":"closed","ping_status":"closed","template":"","meta":{"inline_featured_image":false,"footnotes":""},"class_list":["post-1575","page","type-page","status-publish","hentry"],"yoast_head":"<!-- This site is optimized with the Yoast SEO plugin v27.4 - https:\/\/yoast.com\/product\/yoast-seo-wordpress\/ -->\n<title>Wellington de Melo | Compre seu exemplar do [desvirtual provis\u00f3rio]<\/title>\n<meta name=\"description\" content=\"Saiba mais sobre o livro e adquira-o com o autor.\" \/>\n<meta name=\"robots\" content=\"index, follow, max-snippet:-1, max-image-preview:large, max-video-preview:-1\" \/>\n<link rel=\"canonical\" href=\"https:\/\/www.wellingtondemelo.com.br\/site\/comprar_desvirtual_provisorio\/\" \/>\n<meta name=\"twitter:card\" content=\"summary_large_image\" \/>\n<meta name=\"twitter:title\" content=\"Wellington de Melo | Compre seu exemplar do [desvirtual provis\u00f3rio]\" \/>\n<meta name=\"twitter:description\" content=\"Saiba mais sobre o livro e adquira-o com o autor.\" \/>\n<meta name=\"twitter:image\" content=\"http:\/\/www.wellingtondemelo.com.br\/site\/wp-content\/uploads\/2008\/10\/capa-e1362919195264.jpg\" \/>\n<meta name=\"twitter:site\" content=\"@wjdemelo\" \/>\n<meta name=\"twitter:label1\" content=\"Est. tempo de leitura\" \/>\n\t<meta name=\"twitter:data1\" content=\"4 minutos\" \/>\n<script type=\"application\/ld+json\" class=\"yoast-schema-graph\">{\"@context\":\"https:\\\/\\\/schema.org\",\"@graph\":[{\"@type\":\"WebPage\",\"@id\":\"https:\\\/\\\/www.wellingtondemelo.com.br\\\/site\\\/comprar_desvirtual_provisorio\\\/\",\"url\":\"https:\\\/\\\/www.wellingtondemelo.com.br\\\/site\\\/comprar_desvirtual_provisorio\\\/\",\"name\":\"Wellington de Melo | Compre seu exemplar do [desvirtual provis\u00f3rio]\",\"isPartOf\":{\"@id\":\"https:\\\/\\\/www.wellingtondemelo.com.br\\\/site\\\/#website\"},\"primaryImageOfPage\":{\"@id\":\"https:\\\/\\\/www.wellingtondemelo.com.br\\\/site\\\/comprar_desvirtual_provisorio\\\/#primaryimage\"},\"image\":{\"@id\":\"https:\\\/\\\/www.wellingtondemelo.com.br\\\/site\\\/comprar_desvirtual_provisorio\\\/#primaryimage\"},\"thumbnailUrl\":\"http:\\\/\\\/www.wellingtondemelo.com.br\\\/site\\\/wp-content\\\/uploads\\\/2008\\\/10\\\/capa-e1362919195264.jpg\",\"datePublished\":\"2008-10-29T21:16:11+00:00\",\"dateModified\":\"2013-03-10T18:28:00+00:00\",\"description\":\"Saiba mais sobre o livro e adquira-o com o autor.\",\"breadcrumb\":{\"@id\":\"https:\\\/\\\/www.wellingtondemelo.com.br\\\/site\\\/comprar_desvirtual_provisorio\\\/#breadcrumb\"},\"inLanguage\":\"pt-BR\",\"potentialAction\":[{\"@type\":\"ReadAction\",\"target\":[\"https:\\\/\\\/www.wellingtondemelo.com.br\\\/site\\\/comprar_desvirtual_provisorio\\\/\"]}]},{\"@type\":\"ImageObject\",\"inLanguage\":\"pt-BR\",\"@id\":\"https:\\\/\\\/www.wellingtondemelo.com.br\\\/site\\\/comprar_desvirtual_provisorio\\\/#primaryimage\",\"url\":\"http:\\\/\\\/www.wellingtondemelo.com.br\\\/site\\\/wp-content\\\/uploads\\\/2008\\\/10\\\/capa-e1362919195264.jpg\",\"contentUrl\":\"http:\\\/\\\/www.wellingtondemelo.com.br\\\/site\\\/wp-content\\\/uploads\\\/2008\\\/10\\\/capa-e1362919195264.jpg\"},{\"@type\":\"BreadcrumbList\",\"@id\":\"https:\\\/\\\/www.wellingtondemelo.com.br\\\/site\\\/comprar_desvirtual_provisorio\\\/#breadcrumb\",\"itemListElement\":[{\"@type\":\"ListItem\",\"position\":1,\"name\":\"In\u00edcio\",\"item\":\"https:\\\/\\\/www.wellingtondemelo.com.br\\\/site\\\/\"},{\"@type\":\"ListItem\",\"position\":2,\"name\":\"[desvirtual provis\u00f3rio]\"}]},{\"@type\":\"WebSite\",\"@id\":\"https:\\\/\\\/www.wellingtondemelo.com.br\\\/site\\\/#website\",\"url\":\"https:\\\/\\\/www.wellingtondemelo.com.br\\\/site\\\/\",\"name\":\"Wellington de Melo | escritor\",\"description\":\"P\u00e1gina do escritor Wellington de Melo\",\"potentialAction\":[{\"@type\":\"SearchAction\",\"target\":{\"@type\":\"EntryPoint\",\"urlTemplate\":\"https:\\\/\\\/www.wellingtondemelo.com.br\\\/site\\\/?s={search_term_string}\"},\"query-input\":{\"@type\":\"PropertyValueSpecification\",\"valueRequired\":true,\"valueName\":\"search_term_string\"}}],\"inLanguage\":\"pt-BR\"}]}<\/script>\n<!-- \/ Yoast SEO plugin. -->","yoast_head_json":{"title":"Wellington de Melo | Compre seu exemplar do [desvirtual provis\u00f3rio]","description":"Saiba mais sobre o livro e adquira-o com o autor.","robots":{"index":"index","follow":"follow","max-snippet":"max-snippet:-1","max-image-preview":"max-image-preview:large","max-video-preview":"max-video-preview:-1"},"canonical":"https:\/\/www.wellingtondemelo.com.br\/site\/comprar_desvirtual_provisorio\/","twitter_card":"summary_large_image","twitter_title":"Wellington de Melo | Compre seu exemplar do [desvirtual provis\u00f3rio]","twitter_description":"Saiba mais sobre o livro e adquira-o com o autor.","twitter_image":"http:\/\/www.wellingtondemelo.com.br\/site\/wp-content\/uploads\/2008\/10\/capa-e1362919195264.jpg","twitter_site":"@wjdemelo","twitter_misc":{"Est. tempo de leitura":"4 minutos"},"schema":{"@context":"https:\/\/schema.org","@graph":[{"@type":"WebPage","@id":"https:\/\/www.wellingtondemelo.com.br\/site\/comprar_desvirtual_provisorio\/","url":"https:\/\/www.wellingtondemelo.com.br\/site\/comprar_desvirtual_provisorio\/","name":"Wellington de Melo | Compre seu exemplar do [desvirtual provis\u00f3rio]","isPartOf":{"@id":"https:\/\/www.wellingtondemelo.com.br\/site\/#website"},"primaryImageOfPage":{"@id":"https:\/\/www.wellingtondemelo.com.br\/site\/comprar_desvirtual_provisorio\/#primaryimage"},"image":{"@id":"https:\/\/www.wellingtondemelo.com.br\/site\/comprar_desvirtual_provisorio\/#primaryimage"},"thumbnailUrl":"http:\/\/www.wellingtondemelo.com.br\/site\/wp-content\/uploads\/2008\/10\/capa-e1362919195264.jpg","datePublished":"2008-10-29T21:16:11+00:00","dateModified":"2013-03-10T18:28:00+00:00","description":"Saiba mais sobre o livro e adquira-o com o autor.","breadcrumb":{"@id":"https:\/\/www.wellingtondemelo.com.br\/site\/comprar_desvirtual_provisorio\/#breadcrumb"},"inLanguage":"pt-BR","potentialAction":[{"@type":"ReadAction","target":["https:\/\/www.wellingtondemelo.com.br\/site\/comprar_desvirtual_provisorio\/"]}]},{"@type":"ImageObject","inLanguage":"pt-BR","@id":"https:\/\/www.wellingtondemelo.com.br\/site\/comprar_desvirtual_provisorio\/#primaryimage","url":"http:\/\/www.wellingtondemelo.com.br\/site\/wp-content\/uploads\/2008\/10\/capa-e1362919195264.jpg","contentUrl":"http:\/\/www.wellingtondemelo.com.br\/site\/wp-content\/uploads\/2008\/10\/capa-e1362919195264.jpg"},{"@type":"BreadcrumbList","@id":"https:\/\/www.wellingtondemelo.com.br\/site\/comprar_desvirtual_provisorio\/#breadcrumb","itemListElement":[{"@type":"ListItem","position":1,"name":"In\u00edcio","item":"https:\/\/www.wellingtondemelo.com.br\/site\/"},{"@type":"ListItem","position":2,"name":"[desvirtual provis\u00f3rio]"}]},{"@type":"WebSite","@id":"https:\/\/www.wellingtondemelo.com.br\/site\/#website","url":"https:\/\/www.wellingtondemelo.com.br\/site\/","name":"Wellington de Melo | escritor","description":"P\u00e1gina do escritor Wellington de Melo","potentialAction":[{"@type":"SearchAction","target":{"@type":"EntryPoint","urlTemplate":"https:\/\/www.wellingtondemelo.com.br\/site\/?s={search_term_string}"},"query-input":{"@type":"PropertyValueSpecification","valueRequired":true,"valueName":"search_term_string"}}],"inLanguage":"pt-BR"}]}},"_links":{"self":[{"href":"https:\/\/www.wellingtondemelo.com.br\/site\/wp-json\/wp\/v2\/pages\/1575","targetHints":{"allow":["GET"]}}],"collection":[{"href":"https:\/\/www.wellingtondemelo.com.br\/site\/wp-json\/wp\/v2\/pages"}],"about":[{"href":"https:\/\/www.wellingtondemelo.com.br\/site\/wp-json\/wp\/v2\/types\/page"}],"author":[{"embeddable":true,"href":"https:\/\/www.wellingtondemelo.com.br\/site\/wp-json\/wp\/v2\/users\/5"}],"replies":[{"embeddable":true,"href":"https:\/\/www.wellingtondemelo.com.br\/site\/wp-json\/wp\/v2\/comments?post=1575"}],"version-history":[{"count":0,"href":"https:\/\/www.wellingtondemelo.com.br\/site\/wp-json\/wp\/v2\/pages\/1575\/revisions"}],"wp:attachment":[{"href":"https:\/\/www.wellingtondemelo.com.br\/site\/wp-json\/wp\/v2\/media?parent=1575"}],"curies":[{"name":"wp","href":"https:\/\/api.w.org\/{rel}","templated":true}]}}