{"id":19014,"date":"2020-02-25T10:15:23","date_gmt":"2020-02-25T13:15:23","guid":{"rendered":"https:\/\/bridge336.qodeinteractive.com\/?page_id=187"},"modified":"2025-03-01T09:56:59","modified_gmt":"2025-03-01T12:56:59","slug":"contato-2","status":"publish","type":"page","link":"https:\/\/www.wellingtondemelo.com.br\/site\/contato-2\/","title":{"rendered":"Contato"},"content":{"rendered":"\t\t<div data-elementor-type=\"wp-page\" data-elementor-id=\"19014\" class=\"elementor elementor-19014\" data-elementor-post-type=\"page\">\n\t\t\t\t\t\t<section class=\"elementor-section elementor-top-section elementor-element elementor-element-4a0ecbf8 elementor-section-content-middle elementor-section-boxed elementor-section-height-default elementor-section-height-default\" data-id=\"4a0ecbf8\" data-element_type=\"section\" data-e-type=\"section\">\n\t\t\t\t\t\t<div class=\"elementor-container elementor-column-gap-no\">\n\t\t\t\t\t<div class=\"elementor-column elementor-col-100 elementor-top-column elementor-element elementor-element-2011572f\" data-id=\"2011572f\" data-element_type=\"column\" data-e-type=\"column\">\n\t\t\t<div class=\"elementor-widget-wrap elementor-element-populated\">\n\t\t\t\t\t\t<div class=\"elementor-element elementor-element-5126d3bf elementor-widget elementor-widget-heading\" data-id=\"5126d3bf\" data-element_type=\"widget\" data-e-type=\"widget\" data-widget_type=\"heading.default\">\n\t\t\t\t<div class=\"elementor-widget-container\">\n\t\t\t\t\t<h4 class=\"elementor-heading-title elementor-size-default\">Entre<\/h4>\t\t\t\t<\/div>\n\t\t\t\t<\/div>\n\t\t\t\t<div class=\"elementor-element elementor-element-5051010 elementor-widget elementor-widget-heading\" data-id=\"5051010\" data-element_type=\"widget\" data-e-type=\"widget\" data-widget_type=\"heading.default\">\n\t\t\t\t<div class=\"elementor-widget-container\">\n\t\t\t\t\t<h2 class=\"elementor-heading-title elementor-size-default\">EM CONTATO<\/h2>\t\t\t\t<\/div>\n\t\t\t\t<\/div>\n\t\t\t\t<section class=\"elementor-section elementor-inner-section elementor-element elementor-element-65d333c1 elementor-section-content-middle elementor-section-boxed elementor-section-height-default elementor-section-height-default\" data-id=\"65d333c1\" data-element_type=\"section\" data-e-type=\"section\">\n\t\t\t\t\t\t<div class=\"elementor-container elementor-column-gap-no\">\n\t\t\t\t\t<div class=\"elementor-column elementor-col-50 elementor-inner-column elementor-element elementor-element-2973ff00\" data-id=\"2973ff00\" data-element_type=\"column\" data-e-type=\"column\">\n\t\t\t<div class=\"elementor-widget-wrap elementor-element-populated\">\n\t\t\t\t\t\t<div class=\"elementor-element elementor-element-4421492 elementor-widget elementor-widget-text-editor\" data-id=\"4421492\" data-element_type=\"widget\" data-e-type=\"widget\" data-widget_type=\"text-editor.default\">\n\t\t\t\t<div class=\"elementor-widget-container\">\n\t\t\t\t\t\t\t\t\t<p>Conecte-se com o autor por meio de suas redes sociais, pelo WhatsApp ou preencha o formul\u00e1rio para enviar uma mensagem. Se quiser enviar uma correspond\u00eancia tradicional ou enviar seu livro, utilize o endere\u00e7o f\u00edsico abaixo.\u00a0<\/p>\t\t\t\t\t\t\t\t<\/div>\n\t\t\t\t<\/div>\n\t\t\t\t<div class=\"elementor-element elementor-element-42d26dac elementor-widget elementor-widget-heading\" data-id=\"42d26dac\" data-element_type=\"widget\" data-e-type=\"widget\" data-widget_type=\"heading.default\">\n\t\t\t\t<div class=\"elementor-widget-container\">\n\t\t\t\t\t<h6 class=\"elementor-heading-title elementor-size-default\"><a href=\"https:\/\/bit.ly\/wellingtondemelowhats\">Entre em contato pelo WhatsApp<\/a><\/h6>\t\t\t\t<\/div>\n\t\t\t\t<\/div>\n\t\t\t\t<div class=\"elementor-element elementor-element-30d1814c elementor-widget elementor-widget-heading\" data-id=\"30d1814c\" data-element_type=\"widget\" data-e-type=\"widget\" data-widget_type=\"heading.default\">\n\t\t\t\t<div class=\"elementor-widget-container\">\n\t\t\t\t\t<h6 class=\"elementor-heading-title elementor-size-default\"><a href=\"mailto:contato@wellingtondemelo.com.br?subject=Mensagem+pelo+site\"><span>Email: contato@wellingtondemelo.com.br<\/span><span><\/span><\/a><\/h6>\t\t\t\t<\/div>\n\t\t\t\t<\/div>\n\t\t\t\t<div class=\"elementor-element elementor-element-47667db5 elementor-widget elementor-widget-heading\" data-id=\"47667db5\" data-element_type=\"widget\" data-e-type=\"widget\" data-widget_type=\"heading.default\">\n\t\t\t\t<div class=\"elementor-widget-container\">\n\t\t\t\t\t<h6 class=\"elementor-heading-title elementor-size-default\"><span>R. Mr. Fryer, 232 - 08<\/span><br><span>Aldeia - Camaragibe - PE <\/span><br><span>54789-460<\/span><\/h6>\t\t\t\t<\/div>\n\t\t\t\t<\/div>\n\t\t\t\t<div class=\"elementor-element elementor-element-6b566345 e-grid-align-left elementor-shape-rounded elementor-grid-0 elementor-widget elementor-widget-social-icons\" data-id=\"6b566345\" data-element_type=\"widget\" data-e-type=\"widget\" data-widget_type=\"social-icons.default\">\n\t\t\t\t<div class=\"elementor-widget-container\">\n\t\t\t\t\t\t\t<div class=\"elementor-social-icons-wrapper elementor-grid\" role=\"list\">\n\t\t\t\t\t\t\t<span class=\"elementor-grid-item\" role=\"listitem\">\n\t\t\t\t\t<a class=\"elementor-icon elementor-social-icon elementor-social-icon-instagram elementor-animation-grow elementor-repeater-item-d42ea14\" href=\"https:\/\/www.instagram.com\/wellington_demelo\/\" target=\"_blank\">\n\t\t\t\t\t\t<span class=\"elementor-screen-only\">Instagram<\/span>\n\t\t\t\t\t\t<i aria-hidden=\"true\" class=\"fab fa-instagram\"><\/i>\t\t\t\t\t<\/a>\n\t\t\t\t<\/span>\n\t\t\t\t\t\t\t<span class=\"elementor-grid-item\" role=\"listitem\">\n\t\t\t\t\t<a class=\"elementor-icon elementor-social-icon elementor-social-icon-youtube elementor-animation-grow elementor-repeater-item-6035fd3\" href=\"https:\/\/www.youtube.com\/c\/WellingtondeMeloEscritor\" target=\"_blank\">\n\t\t\t\t\t\t<span class=\"elementor-screen-only\">Youtube<\/span>\n\t\t\t\t\t\t<i aria-hidden=\"true\" class=\"fab fa-youtube\"><\/i>\t\t\t\t\t<\/a>\n\t\t\t\t<\/span>\n\t\t\t\t\t\t\t<span class=\"elementor-grid-item\" role=\"listitem\">\n\t\t\t\t\t<a class=\"elementor-icon elementor-social-icon elementor-social-icon-bookmark elementor-animation-grow elementor-repeater-item-f4606d9\" href=\"https:\/\/wellingtondemelo.substack.com\/\" target=\"_blank\">\n\t\t\t\t\t\t<span class=\"elementor-screen-only\">Bookmark<\/span>\n\t\t\t\t\t\t<i aria-hidden=\"true\" class=\"fas fa-bookmark\"><\/i>\t\t\t\t\t<\/a>\n\t\t\t\t<\/span>\n\t\t\t\t\t<\/div>\n\t\t\t\t\t\t<\/div>\n\t\t\t\t<\/div>\n\t\t\t\t\t<\/div>\n\t\t<\/div>\n\t\t\t\t<div class=\"elementor-column elementor-col-50 elementor-inner-column elementor-element elementor-element-659f9274\" data-id=\"659f9274\" data-element_type=\"column\" data-e-type=\"column\">\n\t\t\t<div class=\"elementor-widget-wrap elementor-element-populated\">\n\t\t\t\t\t\t<div class=\"elementor-element elementor-element-7abff7b3 elementor-button-align-start elementor-widget elementor-widget-form\" data-id=\"7abff7b3\" data-element_type=\"widget\" data-e-type=\"widget\" data-settings=\"{&quot;step_next_label&quot;:&quot;Next&quot;,&quot;step_previous_label&quot;:&quot;Previous&quot;,&quot;button_width&quot;:&quot;100&quot;,&quot;step_type&quot;:&quot;number_text&quot;,&quot;step_icon_shape&quot;:&quot;circle&quot;}\" data-widget_type=\"form.default\">\n\t\t\t\t<div class=\"elementor-widget-container\">\n\t\t\t\t\t\t\t<form class=\"elementor-form\" method=\"post\" name=\"P\u00e1gina de Contato\" aria-label=\"P\u00e1gina de Contato\">\n\t\t\t<input type=\"hidden\" name=\"post_id\" value=\"19014\"\/>\n\t\t\t<input type=\"hidden\" name=\"form_id\" value=\"7abff7b3\"\/>\n\t\t\t<input type=\"hidden\" name=\"referer_title\" value=\"Contato - Wellington de Melo | escritor\" \/>\n\n\t\t\t\t\t\t\t<input type=\"hidden\" name=\"queried_id\" value=\"19014\"\/>\n\t\t\t\n\t\t\t<div class=\"elementor-form-fields-wrapper elementor-labels-\">\n\t\t\t\t\t\t\t\t<div class=\"elementor-field-type-text elementor-field-group elementor-column elementor-field-group-name elementor-col-100\">\n\t\t\t\t\t\t\t\t\t\t\t\t<label for=\"form-field-name\" class=\"elementor-field-label elementor-screen-only\">\n\t\t\t\t\t\t\t\tNome\t\t\t\t\t\t\t<\/label>\n\t\t\t\t\t\t\t\t\t\t\t\t\t\t<input size=\"1\" type=\"text\" name=\"form_fields[name]\" id=\"form-field-name\" class=\"elementor-field elementor-size-lg  elementor-field-textual\" placeholder=\"Nome\">\n\t\t\t\t\t\t\t\t\t\t\t<\/div>\n\t\t\t\t\t\t\t\t<div class=\"elementor-field-type-email elementor-field-group elementor-column elementor-field-group-email elementor-col-100 elementor-field-required\">\n\t\t\t\t\t\t\t\t\t\t\t\t<label for=\"form-field-email\" class=\"elementor-field-label elementor-screen-only\">\n\t\t\t\t\t\t\t\tEmail\t\t\t\t\t\t\t<\/label>\n\t\t\t\t\t\t\t\t\t\t\t\t\t\t<input size=\"1\" type=\"email\" name=\"form_fields[email]\" id=\"form-field-email\" class=\"elementor-field elementor-size-lg  elementor-field-textual\" placeholder=\"Email\" required=\"required\">\n\t\t\t\t\t\t\t\t\t\t\t<\/div>\n\t\t\t\t\t\t\t\t<div class=\"elementor-field-type-textarea elementor-field-group elementor-column elementor-field-group-message elementor-col-100\">\n\t\t\t\t\t\t\t\t\t\t\t\t<label for=\"form-field-message\" class=\"elementor-field-label elementor-screen-only\">\n\t\t\t\t\t\t\t\tMensagem\t\t\t\t\t\t\t<\/label>\n\t\t\t\t\t\t<textarea class=\"elementor-field-textual elementor-field  elementor-size-lg\" name=\"form_fields[message]\" id=\"form-field-message\" rows=\"4\" placeholder=\"Mensagem\"><\/textarea>\t\t\t\t<\/div>\n\t\t\t\t\t\t\t\t<div class=\"elementor-field-type-upload elementor-field-group elementor-column elementor-field-group-field_07f2b21 elementor-col-100\">\n\t\t\t\t\t\t\t\t\t\t\t\t<label for=\"form-field-field_07f2b21\" class=\"elementor-field-label elementor-screen-only\">\n\t\t\t\t\t\t\t\tArquivo\t\t\t\t\t\t\t<\/label>\n\t\t\t\t\t\t\t\t<input type=\"file\" name=\"form_fields[field_07f2b21]\" id=\"form-field-field_07f2b21\" class=\"elementor-field elementor-size-lg  elementor-upload-field\" data-maxsize=\"2\" data-maxsize-message=\"Esse arquivo excede o tamanho m\u00e1ximo permitido.\">\n\n\t\t\t\t\t\t<\/div>\n\t\t\t\t\t\t\t\t<div class=\"elementor-field-type-recaptcha_v3 elementor-field-group elementor-column elementor-field-group-field_b9844cf elementor-col-100 recaptcha_v3-bottomright\">\n\t\t\t\t\t<div class=\"elementor-field\" id=\"form-field-field_b9844cf\"><div class=\"elementor-g-recaptcha\" data-sitekey=\"6LdrdUEeAAAAABHXya_HOOtCxkPGZMSx4aLKIABI\" data-type=\"v3\" data-action=\"Form\" data-badge=\"bottomright\" data-size=\"invisible\"><\/div><\/div>\t\t\t\t<\/div>\n\t\t\t\t\t\t\t\t<div class=\"elementor-field-group elementor-column elementor-field-type-submit elementor-col-100 e-form__buttons\">\n\t\t\t\t\t<button class=\"elementor-button elementor-size-xl elementor-animation-grow\" type=\"submit\">\n\t\t\t\t\t\t<span class=\"elementor-button-content-wrapper\">\n\t\t\t\t\t\t\t\t\t\t\t\t\t\t\t\t\t\t\t\t\t\t<span class=\"elementor-button-text\">ENVIE SUA MENSAGEM<\/span>\n\t\t\t\t\t\t\t\t\t\t\t\t\t<\/span>\n\t\t\t\t\t<\/button>\n\t\t\t\t<\/div>\n\t\t\t<\/div>\n\t\t<\/form>\n\t\t\t\t\t\t<\/div>\n\t\t\t\t<\/div>\n\t\t\t\t\t<\/div>\n\t\t<\/div>\n\t\t\t\t\t<\/div>\n\t\t<\/section>\n\t\t\t\t\t<\/div>\n\t\t<\/div>\n\t\t\t\t\t<\/div>\n\t\t<\/section>\n\t\t\t\t<\/div>\n\t\t","protected":false},"excerpt":{"rendered":"<p>Entre EM CONTATO Conecte-se com o autor por meio de suas redes sociais, pelo WhatsApp ou preencha o formul\u00e1rio para enviar uma mensagem. Se quiser enviar uma correspond\u00eancia tradicional ou enviar seu livro, utilize o endere\u00e7o f\u00edsico abaixo.\u00a0 Entre em contato pelo WhatsApp Email: contato@wellingtondemelo.com.br R. Mr. Fryer, 232 &#8211; 08Aldeia &#8211; Camaragibe &#8211; PE [&hellip;]<\/p>\n","protected":false},"author":1,"featured_media":0,"parent":0,"menu_order":0,"comment_status":"closed","ping_status":"closed","template":"full_width.php","meta":{"inline_featured_image":false,"footnotes":""},"class_list":["post-19014","page","type-page","status-publish","hentry"],"yoast_head":"<!-- This site is optimized with the Yoast SEO plugin v27.4 - https:\/\/yoast.com\/product\/yoast-seo-wordpress\/ -->\n<title>Contato - Wellington de Melo | escritor<\/title>\n<meta name=\"robots\" content=\"index, follow, max-snippet:-1, max-image-preview:large, max-video-preview:-1\" \/>\n<link rel=\"canonical\" href=\"https:\/\/www.wellingtondemelo.com.br\/site\/contato-2\/\" \/>\n<meta name=\"twitter:card\" content=\"summary_large_image\" \/>\n<meta name=\"twitter:title\" content=\"Contato - Wellington de Melo | escritor\" \/>\n<meta name=\"twitter:description\" content=\"Entre EM CONTATO Conecte-se com o autor por meio de suas redes sociais, pelo WhatsApp ou preencha o formul\u00e1rio para enviar uma mensagem. Se quiser enviar uma correspond\u00eancia tradicional ou enviar seu livro, utilize o endere\u00e7o f\u00edsico abaixo.\u00a0 Entre em contato pelo WhatsApp Email: contato@wellingtondemelo.com.br R. Mr. Fryer, 232 &#8211; 08Aldeia &#8211; Camaragibe &#8211; PE [&hellip;]\" \/>\n<meta name=\"twitter:site\" content=\"@wjdemelo\" \/>\n<meta name=\"twitter:label1\" content=\"Est. tempo de leitura\" \/>\n\t<meta name=\"twitter:data1\" content=\"1 minuto\" \/>\n<script type=\"application\/ld+json\" class=\"yoast-schema-graph\">{\"@context\":\"https:\\\/\\\/schema.org\",\"@graph\":[{\"@type\":\"WebPage\",\"@id\":\"https:\\\/\\\/www.wellingtondemelo.com.br\\\/site\\\/contato-2\\\/\",\"url\":\"https:\\\/\\\/www.wellingtondemelo.com.br\\\/site\\\/contato-2\\\/\",\"name\":\"Contato - Wellington de Melo | escritor\",\"isPartOf\":{\"@id\":\"https:\\\/\\\/www.wellingtondemelo.com.br\\\/site\\\/#website\"},\"datePublished\":\"2020-02-25T13:15:23+00:00\",\"dateModified\":\"2025-03-01T12:56:59+00:00\",\"breadcrumb\":{\"@id\":\"https:\\\/\\\/www.wellingtondemelo.com.br\\\/site\\\/contato-2\\\/#breadcrumb\"},\"inLanguage\":\"pt-BR\",\"potentialAction\":[{\"@type\":\"ReadAction\",\"target\":[\"https:\\\/\\\/www.wellingtondemelo.com.br\\\/site\\\/contato-2\\\/\"]}]},{\"@type\":\"BreadcrumbList\",\"@id\":\"https:\\\/\\\/www.wellingtondemelo.com.br\\\/site\\\/contato-2\\\/#breadcrumb\",\"itemListElement\":[{\"@type\":\"ListItem\",\"position\":1,\"name\":\"In\u00edcio\",\"item\":\"https:\\\/\\\/www.wellingtondemelo.com.br\\\/site\\\/\"},{\"@type\":\"ListItem\",\"position\":2,\"name\":\"Contato\"}]},{\"@type\":\"WebSite\",\"@id\":\"https:\\\/\\\/www.wellingtondemelo.com.br\\\/site\\\/#website\",\"url\":\"https:\\\/\\\/www.wellingtondemelo.com.br\\\/site\\\/\",\"name\":\"Wellington de Melo | escritor\",\"description\":\"P\u00e1gina do escritor Wellington de Melo\",\"potentialAction\":[{\"@type\":\"SearchAction\",\"target\":{\"@type\":\"EntryPoint\",\"urlTemplate\":\"https:\\\/\\\/www.wellingtondemelo.com.br\\\/site\\\/?s={search_term_string}\"},\"query-input\":{\"@type\":\"PropertyValueSpecification\",\"valueRequired\":true,\"valueName\":\"search_term_string\"}}],\"inLanguage\":\"pt-BR\"}]}<\/script>\n<!-- \/ Yoast SEO plugin. -->","yoast_head_json":{"title":"Contato - Wellington de Melo | escritor","robots":{"index":"index","follow":"follow","max-snippet":"max-snippet:-1","max-image-preview":"max-image-preview:large","max-video-preview":"max-video-preview:-1"},"canonical":"https:\/\/www.wellingtondemelo.com.br\/site\/contato-2\/","twitter_card":"summary_large_image","twitter_title":"Contato - Wellington de Melo | escritor","twitter_description":"Entre EM CONTATO Conecte-se com o autor por meio de suas redes sociais, pelo WhatsApp ou preencha o formul\u00e1rio para enviar uma mensagem. Se quiser enviar uma correspond\u00eancia tradicional ou enviar seu livro, utilize o endere\u00e7o f\u00edsico abaixo.\u00a0 Entre em contato pelo WhatsApp Email: contato@wellingtondemelo.com.br R. Mr. Fryer, 232 &#8211; 08Aldeia &#8211; Camaragibe &#8211; PE [&hellip;]","twitter_site":"@wjdemelo","twitter_misc":{"Est. tempo de leitura":"1 minuto"},"schema":{"@context":"https:\/\/schema.org","@graph":[{"@type":"WebPage","@id":"https:\/\/www.wellingtondemelo.com.br\/site\/contato-2\/","url":"https:\/\/www.wellingtondemelo.com.br\/site\/contato-2\/","name":"Contato - Wellington de Melo | escritor","isPartOf":{"@id":"https:\/\/www.wellingtondemelo.com.br\/site\/#website"},"datePublished":"2020-02-25T13:15:23+00:00","dateModified":"2025-03-01T12:56:59+00:00","breadcrumb":{"@id":"https:\/\/www.wellingtondemelo.com.br\/site\/contato-2\/#breadcrumb"},"inLanguage":"pt-BR","potentialAction":[{"@type":"ReadAction","target":["https:\/\/www.wellingtondemelo.com.br\/site\/contato-2\/"]}]},{"@type":"BreadcrumbList","@id":"https:\/\/www.wellingtondemelo.com.br\/site\/contato-2\/#breadcrumb","itemListElement":[{"@type":"ListItem","position":1,"name":"In\u00edcio","item":"https:\/\/www.wellingtondemelo.com.br\/site\/"},{"@type":"ListItem","position":2,"name":"Contato"}]},{"@type":"WebSite","@id":"https:\/\/www.wellingtondemelo.com.br\/site\/#website","url":"https:\/\/www.wellingtondemelo.com.br\/site\/","name":"Wellington de Melo | escritor","description":"P\u00e1gina do escritor Wellington de Melo","potentialAction":[{"@type":"SearchAction","target":{"@type":"EntryPoint","urlTemplate":"https:\/\/www.wellingtondemelo.com.br\/site\/?s={search_term_string}"},"query-input":{"@type":"PropertyValueSpecification","valueRequired":true,"valueName":"search_term_string"}}],"inLanguage":"pt-BR"}]}},"_links":{"self":[{"href":"https:\/\/www.wellingtondemelo.com.br\/site\/wp-json\/wp\/v2\/pages\/19014","targetHints":{"allow":["GET"]}}],"collection":[{"href":"https:\/\/www.wellingtondemelo.com.br\/site\/wp-json\/wp\/v2\/pages"}],"about":[{"href":"https:\/\/www.wellingtondemelo.com.br\/site\/wp-json\/wp\/v2\/types\/page"}],"author":[{"embeddable":true,"href":"https:\/\/www.wellingtondemelo.com.br\/site\/wp-json\/wp\/v2\/users\/1"}],"replies":[{"embeddable":true,"href":"https:\/\/www.wellingtondemelo.com.br\/site\/wp-json\/wp\/v2\/comments?post=19014"}],"version-history":[{"count":131,"href":"https:\/\/www.wellingtondemelo.com.br\/site\/wp-json\/wp\/v2\/pages\/19014\/revisions"}],"predecessor-version":[{"id":150563576,"href":"https:\/\/www.wellingtondemelo.com.br\/site\/wp-json\/wp\/v2\/pages\/19014\/revisions\/150563576"}],"wp:attachment":[{"href":"https:\/\/www.wellingtondemelo.com.br\/site\/wp-json\/wp\/v2\/media?parent=19014"}],"curies":[{"name":"wp","href":"https:\/\/api.w.org\/{rel}","templated":true}]}}