{"id":11771,"date":"2013-12-13T20:22:08","date_gmt":"2013-12-13T23:22:08","guid":{"rendered":"http:\/\/www.wellingtondemelo.com.br\/site\/?post_type=product&#038;p=11771"},"modified":"2022-08-21T16:34:57","modified_gmt":"2022-08-21T19:34:57","slug":"estrangeiro-no-labirinto","status":"publish","type":"product","link":"https:\/\/www.wellingtondemelo.com.br\/site\/produto\/estrangeiro-no-labirinto\/","title":{"rendered":"Estrangeiro no labirinto"},"content":{"rendered":"<div class=\"wpb_wrapper\" style=\"font-style: inherit; color: #666666;\"><a style=\"color: #2583ad;\" href=\"https:\/\/www.youtube.com\/watch?v=eTssImaGBMU\" target=\"_parent\" rel=\"noopener noreferrer\"><span style=\"font-style: inherit;\">Assista ao v\u00eddeo<\/span><\/a><\/div>\n<div class=\"wpb_wrapper\" style=\"font-style: inherit; color: #666666;\">\n<p style=\"font-style: inherit;\"><span style=\"font-style: inherit;\"><span style=\"font-weight: bold; font-style: inherit;\"><span style=\"font-weight: inherit; font-style: inherit;\">Estrangeiro no labirinto<\/span><\/span><\/span><br \/>\n<span style=\"font-style: inherit;\">ISBN-9788560676781<\/span><br \/>\n<span style=\"font-style: inherit;\">356 p\u00e1ginas<\/span><br \/>\n<span style=\"font-style: inherit;\">Confraria do Vento<\/span><\/p>\n<p style=\"font-style: inherit;\">\n<\/div>\n","protected":false},"excerpt":{"rendered":"<p><strong>Livro semifinalista do Portugal Telecom<\/strong><\/p>\n<p>Um juiz acusado de homofobia ao julgar o assassinato de um famoso arquiteto, mas que esconde um segredo ainda mais sombrio; um matador de aluguel que volta \u00e0 casa dos pais mortos para acertar as contas com seu passado; uma prostituta viciada em crack que se v\u00ea presa em um labirinto de palavras enquanto vozes an\u00f4nimas tentam explicar a natureza de um livro que supostamente aprisiona seus leitores. Personagens que julgam o destino aleat\u00f3rio, sem entender certa ordem no caos.<\/p>\n","protected":false},"featured_media":19528,"comment_status":"open","ping_status":"closed","template":"","meta":{"inline_featured_image":false},"product_brand":[],"product_cat":[838],"product_tag":[1071,1289,1070,1025,1072],"class_list":{"0":"post-11771","1":"product","2":"type-product","3":"status-publish","4":"has-post-thumbnail","6":"product_cat-ficcao-2","7":"product_tag-cabala","8":"product_tag-estrangeiro-no-labirinto","9":"product_tag-portugal-telecom","10":"product_tag-romance","11":"product_tag-taro","12":"product_shipping_class-registro-modico","14":"first","15":"outofstock","16":"shipping-taxable","17":"purchasable","18":"product-type-simple"},"yoast_head":"<!-- This site is optimized with the Yoast SEO plugin v27.4 - https:\/\/yoast.com\/product\/yoast-seo-wordpress\/ -->\n<title>Estrangeiro no labirinto - Wellington de Melo | escritor<\/title>\n<meta name=\"description\" content=\"Um juiz \u00e9 acusado de homofobia, mas esconde um segredo ainda mais sombrio. Ele descobre um livro que aprisiona seus leitores, enquanto lembra os pr\u00f3prios pecados dele. Um matador de aluguel volta \u00e0 casa de sua inf\u00e2ncia decidido a aposentar-se mas aceita um \u00faltimo trabalho: matar um juiz. Uma prostituta viciada em crack se v\u00ea presa num quarto onde tem que narrar a hist\u00f3ria de um matador de aluguel que volta \u00e0 casa de sua inf\u00e2ncia. Esses tr\u00eas personagens n\u00e3o sabem, mas s\u00e3o a mesma pessoa.\" \/>\n<meta name=\"robots\" content=\"index, follow, max-snippet:-1, max-image-preview:large, max-video-preview:-1\" \/>\n<link rel=\"canonical\" href=\"https:\/\/www.wellingtondemelo.com.br\/site\/produto\/estrangeiro-no-labirinto\/\" \/>\n<meta name=\"twitter:card\" content=\"summary_large_image\" \/>\n<meta name=\"twitter:title\" content=\"Estrangeiro no labirinto - Wellington de Melo | escritor\" \/>\n<meta name=\"twitter:description\" content=\"Um juiz \u00e9 acusado de homofobia, mas esconde um segredo ainda mais sombrio. Ele descobre um livro que aprisiona seus leitores, enquanto lembra os pr\u00f3prios pecados dele. Um matador de aluguel volta \u00e0 casa de sua inf\u00e2ncia decidido a aposentar-se mas aceita um \u00faltimo trabalho: matar um juiz. Uma prostituta viciada em crack se v\u00ea presa num quarto onde tem que narrar a hist\u00f3ria de um matador de aluguel que volta \u00e0 casa de sua inf\u00e2ncia. Esses tr\u00eas personagens n\u00e3o sabem, mas s\u00e3o a mesma pessoa.\" \/>\n<meta name=\"twitter:image\" content=\"https:\/\/www.wellingtondemelo.com.br\/site\/wp-content\/uploads\/2013\/12\/estrangeiro-no-labirinto.jpg\" \/>\n<meta name=\"twitter:site\" content=\"@wjdemelo\" \/>\n<script type=\"application\/ld+json\" class=\"yoast-schema-graph\">{\"@context\":\"https:\\\/\\\/schema.org\",\"@graph\":[{\"@type\":\"WebPage\",\"@id\":\"https:\\\/\\\/www.wellingtondemelo.com.br\\\/site\\\/produto\\\/estrangeiro-no-labirinto\\\/\",\"url\":\"https:\\\/\\\/www.wellingtondemelo.com.br\\\/site\\\/produto\\\/estrangeiro-no-labirinto\\\/\",\"name\":\"Estrangeiro no labirinto - Wellington de Melo | escritor\",\"isPartOf\":{\"@id\":\"https:\\\/\\\/www.wellingtondemelo.com.br\\\/site\\\/#website\"},\"primaryImageOfPage\":{\"@id\":\"https:\\\/\\\/www.wellingtondemelo.com.br\\\/site\\\/produto\\\/estrangeiro-no-labirinto\\\/#primaryimage\"},\"image\":{\"@id\":\"https:\\\/\\\/www.wellingtondemelo.com.br\\\/site\\\/produto\\\/estrangeiro-no-labirinto\\\/#primaryimage\"},\"thumbnailUrl\":\"https:\\\/\\\/www.wellingtondemelo.com.br\\\/site\\\/wp-content\\\/uploads\\\/2013\\\/12\\\/estrangeiro-no-labirinto.jpg\",\"datePublished\":\"2013-12-13T23:22:08+00:00\",\"dateModified\":\"2022-08-21T19:34:57+00:00\",\"description\":\"Um juiz \u00e9 acusado de homofobia, mas esconde um segredo ainda mais sombrio. Ele descobre um livro que aprisiona seus leitores, enquanto lembra os pr\u00f3prios pecados dele. Um matador de aluguel volta \u00e0 casa de sua inf\u00e2ncia decidido a aposentar-se mas aceita um \u00faltimo trabalho: matar um juiz. Uma prostituta viciada em crack se v\u00ea presa num quarto onde tem que narrar a hist\u00f3ria de um matador de aluguel que volta \u00e0 casa de sua inf\u00e2ncia. Esses tr\u00eas personagens n\u00e3o sabem, mas s\u00e3o a mesma pessoa.\",\"breadcrumb\":{\"@id\":\"https:\\\/\\\/www.wellingtondemelo.com.br\\\/site\\\/produto\\\/estrangeiro-no-labirinto\\\/#breadcrumb\"},\"inLanguage\":\"pt-BR\",\"potentialAction\":[{\"@type\":\"ReadAction\",\"target\":[\"https:\\\/\\\/www.wellingtondemelo.com.br\\\/site\\\/produto\\\/estrangeiro-no-labirinto\\\/\"]}]},{\"@type\":\"ImageObject\",\"inLanguage\":\"pt-BR\",\"@id\":\"https:\\\/\\\/www.wellingtondemelo.com.br\\\/site\\\/produto\\\/estrangeiro-no-labirinto\\\/#primaryimage\",\"url\":\"https:\\\/\\\/www.wellingtondemelo.com.br\\\/site\\\/wp-content\\\/uploads\\\/2013\\\/12\\\/estrangeiro-no-labirinto.jpg\",\"contentUrl\":\"https:\\\/\\\/www.wellingtondemelo.com.br\\\/site\\\/wp-content\\\/uploads\\\/2013\\\/12\\\/estrangeiro-no-labirinto.jpg\",\"width\":600,\"height\":919},{\"@type\":\"BreadcrumbList\",\"@id\":\"https:\\\/\\\/www.wellingtondemelo.com.br\\\/site\\\/produto\\\/estrangeiro-no-labirinto\\\/#breadcrumb\",\"itemListElement\":[{\"@type\":\"ListItem\",\"position\":1,\"name\":\"In\u00edcio\",\"item\":\"https:\\\/\\\/www.wellingtondemelo.com.br\\\/site\\\/\"},{\"@type\":\"ListItem\",\"position\":2,\"name\":\"Livraria\",\"item\":\"https:\\\/\\\/www.wellingtondemelo.com.br\\\/site\\\/livraria\\\/\"},{\"@type\":\"ListItem\",\"position\":3,\"name\":\"Estrangeiro no labirinto\"}]},{\"@type\":\"WebSite\",\"@id\":\"https:\\\/\\\/www.wellingtondemelo.com.br\\\/site\\\/#website\",\"url\":\"https:\\\/\\\/www.wellingtondemelo.com.br\\\/site\\\/\",\"name\":\"Wellington de Melo | escritor\",\"description\":\"P\u00e1gina do escritor Wellington de Melo\",\"potentialAction\":[{\"@type\":\"SearchAction\",\"target\":{\"@type\":\"EntryPoint\",\"urlTemplate\":\"https:\\\/\\\/www.wellingtondemelo.com.br\\\/site\\\/?s={search_term_string}\"},\"query-input\":{\"@type\":\"PropertyValueSpecification\",\"valueRequired\":true,\"valueName\":\"search_term_string\"}}],\"inLanguage\":\"pt-BR\"}]}<\/script>\n<!-- \/ Yoast SEO plugin. -->","yoast_head_json":{"title":"Estrangeiro no labirinto - Wellington de Melo | escritor","description":"Um juiz \u00e9 acusado de homofobia, mas esconde um segredo ainda mais sombrio. Ele descobre um livro que aprisiona seus leitores, enquanto lembra os pr\u00f3prios pecados dele. Um matador de aluguel volta \u00e0 casa de sua inf\u00e2ncia decidido a aposentar-se mas aceita um \u00faltimo trabalho: matar um juiz. Uma prostituta viciada em crack se v\u00ea presa num quarto onde tem que narrar a hist\u00f3ria de um matador de aluguel que volta \u00e0 casa de sua inf\u00e2ncia. Esses tr\u00eas personagens n\u00e3o sabem, mas s\u00e3o a mesma pessoa.","robots":{"index":"index","follow":"follow","max-snippet":"max-snippet:-1","max-image-preview":"max-image-preview:large","max-video-preview":"max-video-preview:-1"},"canonical":"https:\/\/www.wellingtondemelo.com.br\/site\/produto\/estrangeiro-no-labirinto\/","twitter_card":"summary_large_image","twitter_title":"Estrangeiro no labirinto - Wellington de Melo | escritor","twitter_description":"Um juiz \u00e9 acusado de homofobia, mas esconde um segredo ainda mais sombrio. Ele descobre um livro que aprisiona seus leitores, enquanto lembra os pr\u00f3prios pecados dele. Um matador de aluguel volta \u00e0 casa de sua inf\u00e2ncia decidido a aposentar-se mas aceita um \u00faltimo trabalho: matar um juiz. Uma prostituta viciada em crack se v\u00ea presa num quarto onde tem que narrar a hist\u00f3ria de um matador de aluguel que volta \u00e0 casa de sua inf\u00e2ncia. Esses tr\u00eas personagens n\u00e3o sabem, mas s\u00e3o a mesma pessoa.","twitter_image":"https:\/\/www.wellingtondemelo.com.br\/site\/wp-content\/uploads\/2013\/12\/estrangeiro-no-labirinto.jpg","twitter_site":"@wjdemelo","schema":{"@context":"https:\/\/schema.org","@graph":[{"@type":"WebPage","@id":"https:\/\/www.wellingtondemelo.com.br\/site\/produto\/estrangeiro-no-labirinto\/","url":"https:\/\/www.wellingtondemelo.com.br\/site\/produto\/estrangeiro-no-labirinto\/","name":"Estrangeiro no labirinto - Wellington de Melo | escritor","isPartOf":{"@id":"https:\/\/www.wellingtondemelo.com.br\/site\/#website"},"primaryImageOfPage":{"@id":"https:\/\/www.wellingtondemelo.com.br\/site\/produto\/estrangeiro-no-labirinto\/#primaryimage"},"image":{"@id":"https:\/\/www.wellingtondemelo.com.br\/site\/produto\/estrangeiro-no-labirinto\/#primaryimage"},"thumbnailUrl":"https:\/\/www.wellingtondemelo.com.br\/site\/wp-content\/uploads\/2013\/12\/estrangeiro-no-labirinto.jpg","datePublished":"2013-12-13T23:22:08+00:00","dateModified":"2022-08-21T19:34:57+00:00","description":"Um juiz \u00e9 acusado de homofobia, mas esconde um segredo ainda mais sombrio. Ele descobre um livro que aprisiona seus leitores, enquanto lembra os pr\u00f3prios pecados dele. Um matador de aluguel volta \u00e0 casa de sua inf\u00e2ncia decidido a aposentar-se mas aceita um \u00faltimo trabalho: matar um juiz. Uma prostituta viciada em crack se v\u00ea presa num quarto onde tem que narrar a hist\u00f3ria de um matador de aluguel que volta \u00e0 casa de sua inf\u00e2ncia. Esses tr\u00eas personagens n\u00e3o sabem, mas s\u00e3o a mesma pessoa.","breadcrumb":{"@id":"https:\/\/www.wellingtondemelo.com.br\/site\/produto\/estrangeiro-no-labirinto\/#breadcrumb"},"inLanguage":"pt-BR","potentialAction":[{"@type":"ReadAction","target":["https:\/\/www.wellingtondemelo.com.br\/site\/produto\/estrangeiro-no-labirinto\/"]}]},{"@type":"ImageObject","inLanguage":"pt-BR","@id":"https:\/\/www.wellingtondemelo.com.br\/site\/produto\/estrangeiro-no-labirinto\/#primaryimage","url":"https:\/\/www.wellingtondemelo.com.br\/site\/wp-content\/uploads\/2013\/12\/estrangeiro-no-labirinto.jpg","contentUrl":"https:\/\/www.wellingtondemelo.com.br\/site\/wp-content\/uploads\/2013\/12\/estrangeiro-no-labirinto.jpg","width":600,"height":919},{"@type":"BreadcrumbList","@id":"https:\/\/www.wellingtondemelo.com.br\/site\/produto\/estrangeiro-no-labirinto\/#breadcrumb","itemListElement":[{"@type":"ListItem","position":1,"name":"In\u00edcio","item":"https:\/\/www.wellingtondemelo.com.br\/site\/"},{"@type":"ListItem","position":2,"name":"Livraria","item":"https:\/\/www.wellingtondemelo.com.br\/site\/livraria\/"},{"@type":"ListItem","position":3,"name":"Estrangeiro no labirinto"}]},{"@type":"WebSite","@id":"https:\/\/www.wellingtondemelo.com.br\/site\/#website","url":"https:\/\/www.wellingtondemelo.com.br\/site\/","name":"Wellington de Melo | escritor","description":"P\u00e1gina do escritor Wellington de Melo","potentialAction":[{"@type":"SearchAction","target":{"@type":"EntryPoint","urlTemplate":"https:\/\/www.wellingtondemelo.com.br\/site\/?s={search_term_string}"},"query-input":{"@type":"PropertyValueSpecification","valueRequired":true,"valueName":"search_term_string"}}],"inLanguage":"pt-BR"}]}},"_links":{"self":[{"href":"https:\/\/www.wellingtondemelo.com.br\/site\/wp-json\/wp\/v2\/product\/11771","targetHints":{"allow":["GET"]}}],"collection":[{"href":"https:\/\/www.wellingtondemelo.com.br\/site\/wp-json\/wp\/v2\/product"}],"about":[{"href":"https:\/\/www.wellingtondemelo.com.br\/site\/wp-json\/wp\/v2\/types\/product"}],"replies":[{"embeddable":true,"href":"https:\/\/www.wellingtondemelo.com.br\/site\/wp-json\/wp\/v2\/comments?post=11771"}],"wp:featuredmedia":[{"embeddable":true,"href":"https:\/\/www.wellingtondemelo.com.br\/site\/wp-json\/wp\/v2\/media\/19528"}],"wp:attachment":[{"href":"https:\/\/www.wellingtondemelo.com.br\/site\/wp-json\/wp\/v2\/media?parent=11771"}],"wp:term":[{"taxonomy":"product_brand","embeddable":true,"href":"https:\/\/www.wellingtondemelo.com.br\/site\/wp-json\/wp\/v2\/product_brand?post=11771"},{"taxonomy":"product_cat","embeddable":true,"href":"https:\/\/www.wellingtondemelo.com.br\/site\/wp-json\/wp\/v2\/product_cat?post=11771"},{"taxonomy":"product_tag","embeddable":true,"href":"https:\/\/www.wellingtondemelo.com.br\/site\/wp-json\/wp\/v2\/product_tag?post=11771"}],"curies":[{"name":"wp","href":"https:\/\/api.w.org\/{rel}","templated":true}]}}