{"id":150563734,"date":"2025-09-22T11:55:40","date_gmt":"2025-09-22T14:55:40","guid":{"rendered":"https:\/\/www.wellingtondemelo.com.br\/site\/?post_type=product&#038;p=150563734"},"modified":"2025-09-22T11:57:41","modified_gmt":"2025-09-22T14:57:41","slug":"miro-da-muribeca-estou-quase-pronto","status":"publish","type":"product","link":"https:\/\/www.wellingtondemelo.com.br\/site\/produto\/miro-da-muribeca-estou-quase-pronto\/","title":{"rendered":"Mir\u00f3 da Muribeca: Estou quase pronto"},"content":{"rendered":"<p>Esta biografia percorre, como num trajeto de \u00f4nibus, as muitas vidas que Mir\u00f3 da Muribeca \u2014 Jo\u00e3o Fl\u00e1vio Cordeiro da Silva, um dos principais poetas brasileiros \u2014 performou dentro de um s\u00f3 corpo: a inf\u00e2ncia, a Muribeca, o futebol, a descoberta da poesia, o encontro com a performance e o recital, os deslocamentos pelo pa\u00eds, os relacionamentos, os problemas com a bebida, a capacidade infinita de criar amizades e la\u00e7os, a solid\u00e3o na pandemia e os segredos. Em uma narrativa envolvente, que acompanha o passado de Mir\u00f3 e seus \u00faltimos anos de vida, quando enfrentou a depend\u00eancia do \u00e1lcool, a pandemia e um c\u00e2ncer, Wellington de Melo reconstr\u00f3i como num thriller as paradas, retornos e embarques da vida do poeta. \u201cEstou quase pronto\u201d \u00e9 tamb\u00e9m um testemunho da for\u00e7a est\u00e9tica e do alegrismo de Mir\u00f3, marcas perenes da sua passagem pelo planeta.<\/p>\n","protected":false},"excerpt":{"rendered":"<p>Esta biografia percorre, como num trajeto de \u00f4nibus, as muitas vidas que Mir\u00f3 da Muribeca \u2014 Jo\u00e3o Fl\u00e1vio Cordeiro da Silva, um dos principais poetas brasileiros \u2014 performou dentro de um s\u00f3 corpo: a inf\u00e2ncia, a Muribeca, o futebol, a descoberta da poesia, o encontro com a performance e o recital, os deslocamentos pelo pa\u00eds, os relacionamentos, os problemas com a bebida, a capacidade infinita de criar amizades e la\u00e7os, a solid\u00e3o na pandemia e os segredos. Em uma narrativa envolvente, que acompanha o passado de Mir\u00f3 e seus \u00faltimos anos de vida, quando enfrentou a depend\u00eancia do \u00e1lcool, a pandemia e um c\u00e2ncer, Wellington de Melo reconstr\u00f3i como num thriller as paradas, retornos e embarques da vida do poeta. \u201cEstou quase pronto\u201d \u00e9 tamb\u00e9m um testemunho da for\u00e7a est\u00e9tica e do alegrismo de Mir\u00f3, marcas perenes da sua passagem pelo planeta.<\/p>\n","protected":false},"featured_media":150563735,"comment_status":"open","ping_status":"closed","template":"","meta":{"inline_featured_image":false},"product_brand":[],"product_cat":[],"product_tag":[1325],"class_list":{"0":"post-150563734","1":"product","2":"type-product","3":"status-publish","4":"has-post-thumbnail","6":"product_tag-biografia","7":"product_shipping_class-registro-modico","9":"first","10":"instock","11":"shipping-taxable","12":"product-type-external"},"yoast_head":"<!-- This site is optimized with the Yoast SEO plugin v27.4 - https:\/\/yoast.com\/product\/yoast-seo-wordpress\/ -->\n<title>Mir\u00f3 da Muribeca: Estou quase pronto - Wellington de Melo | escritor<\/title>\n<meta name=\"description\" content=\"Biografia de Jo\u00e3o Fl\u00e1vio Cordeiro da Silva, Mir\u00f3 da Muribeca, escrita por Wellington de Melo, acompanha a trajet\u00f3ria do importante poeta brasileiro.\" \/>\n<meta name=\"robots\" content=\"index, follow, max-snippet:-1, max-image-preview:large, max-video-preview:-1\" \/>\n<link rel=\"canonical\" href=\"https:\/\/www.wellingtondemelo.com.br\/site\/produto\/miro-da-muribeca-estou-quase-pronto\/\" \/>\n<meta name=\"twitter:card\" content=\"summary_large_image\" \/>\n<meta name=\"twitter:title\" content=\"Mir\u00f3 da Muribeca: Estou quase pronto - Wellington de Melo | escritor\" \/>\n<meta name=\"twitter:description\" content=\"Biografia de Jo\u00e3o Fl\u00e1vio Cordeiro da Silva, Mir\u00f3 da Muribeca, escrita por Wellington de Melo, acompanha a trajet\u00f3ria do importante poeta brasileiro.\" \/>\n<meta name=\"twitter:image\" content=\"https:\/\/www.wellingtondemelo.com.br\/site\/wp-content\/uploads\/2025\/09\/ESTOUQUASEPRONTO.jpg\" \/>\n<meta name=\"twitter:site\" content=\"@wjdemelo\" \/>\n<meta name=\"twitter:label1\" content=\"Est. tempo de leitura\" \/>\n\t<meta name=\"twitter:data1\" content=\"1 minuto\" \/>\n<script type=\"application\/ld+json\" class=\"yoast-schema-graph\">{\"@context\":\"https:\\\/\\\/schema.org\",\"@graph\":[{\"@type\":\"WebPage\",\"@id\":\"https:\\\/\\\/www.wellingtondemelo.com.br\\\/site\\\/produto\\\/miro-da-muribeca-estou-quase-pronto\\\/\",\"url\":\"https:\\\/\\\/www.wellingtondemelo.com.br\\\/site\\\/produto\\\/miro-da-muribeca-estou-quase-pronto\\\/\",\"name\":\"Mir\u00f3 da Muribeca: Estou quase pronto - Wellington de Melo | escritor\",\"isPartOf\":{\"@id\":\"https:\\\/\\\/www.wellingtondemelo.com.br\\\/site\\\/#website\"},\"primaryImageOfPage\":{\"@id\":\"https:\\\/\\\/www.wellingtondemelo.com.br\\\/site\\\/produto\\\/miro-da-muribeca-estou-quase-pronto\\\/#primaryimage\"},\"image\":{\"@id\":\"https:\\\/\\\/www.wellingtondemelo.com.br\\\/site\\\/produto\\\/miro-da-muribeca-estou-quase-pronto\\\/#primaryimage\"},\"thumbnailUrl\":\"https:\\\/\\\/www.wellingtondemelo.com.br\\\/site\\\/wp-content\\\/uploads\\\/2025\\\/09\\\/ESTOUQUASEPRONTO.jpg\",\"datePublished\":\"2025-09-22T14:55:40+00:00\",\"dateModified\":\"2025-09-22T14:57:41+00:00\",\"description\":\"Biografia de Jo\u00e3o Fl\u00e1vio Cordeiro da Silva, Mir\u00f3 da Muribeca, escrita por Wellington de Melo, acompanha a trajet\u00f3ria do importante poeta brasileiro.\",\"breadcrumb\":{\"@id\":\"https:\\\/\\\/www.wellingtondemelo.com.br\\\/site\\\/produto\\\/miro-da-muribeca-estou-quase-pronto\\\/#breadcrumb\"},\"inLanguage\":\"pt-BR\",\"potentialAction\":[{\"@type\":\"ReadAction\",\"target\":[\"https:\\\/\\\/www.wellingtondemelo.com.br\\\/site\\\/produto\\\/miro-da-muribeca-estou-quase-pronto\\\/\"]}]},{\"@type\":\"ImageObject\",\"inLanguage\":\"pt-BR\",\"@id\":\"https:\\\/\\\/www.wellingtondemelo.com.br\\\/site\\\/produto\\\/miro-da-muribeca-estou-quase-pronto\\\/#primaryimage\",\"url\":\"https:\\\/\\\/www.wellingtondemelo.com.br\\\/site\\\/wp-content\\\/uploads\\\/2025\\\/09\\\/ESTOUQUASEPRONTO.jpg\",\"contentUrl\":\"https:\\\/\\\/www.wellingtondemelo.com.br\\\/site\\\/wp-content\\\/uploads\\\/2025\\\/09\\\/ESTOUQUASEPRONTO.jpg\",\"width\":379,\"height\":522},{\"@type\":\"BreadcrumbList\",\"@id\":\"https:\\\/\\\/www.wellingtondemelo.com.br\\\/site\\\/produto\\\/miro-da-muribeca-estou-quase-pronto\\\/#breadcrumb\",\"itemListElement\":[{\"@type\":\"ListItem\",\"position\":1,\"name\":\"In\u00edcio\",\"item\":\"https:\\\/\\\/www.wellingtondemelo.com.br\\\/site\\\/\"},{\"@type\":\"ListItem\",\"position\":2,\"name\":\"Livraria\",\"item\":\"https:\\\/\\\/www.wellingtondemelo.com.br\\\/site\\\/livraria\\\/\"},{\"@type\":\"ListItem\",\"position\":3,\"name\":\"Mir\u00f3 da Muribeca: Estou quase pronto\"}]},{\"@type\":\"WebSite\",\"@id\":\"https:\\\/\\\/www.wellingtondemelo.com.br\\\/site\\\/#website\",\"url\":\"https:\\\/\\\/www.wellingtondemelo.com.br\\\/site\\\/\",\"name\":\"Wellington de Melo | escritor\",\"description\":\"P\u00e1gina do escritor Wellington de Melo\",\"potentialAction\":[{\"@type\":\"SearchAction\",\"target\":{\"@type\":\"EntryPoint\",\"urlTemplate\":\"https:\\\/\\\/www.wellingtondemelo.com.br\\\/site\\\/?s={search_term_string}\"},\"query-input\":{\"@type\":\"PropertyValueSpecification\",\"valueRequired\":true,\"valueName\":\"search_term_string\"}}],\"inLanguage\":\"pt-BR\"}]}<\/script>\n<!-- \/ Yoast SEO plugin. -->","yoast_head_json":{"title":"Mir\u00f3 da Muribeca: Estou quase pronto - Wellington de Melo | escritor","description":"Biografia de Jo\u00e3o Fl\u00e1vio Cordeiro da Silva, Mir\u00f3 da Muribeca, escrita por Wellington de Melo, acompanha a trajet\u00f3ria do importante poeta brasileiro.","robots":{"index":"index","follow":"follow","max-snippet":"max-snippet:-1","max-image-preview":"max-image-preview:large","max-video-preview":"max-video-preview:-1"},"canonical":"https:\/\/www.wellingtondemelo.com.br\/site\/produto\/miro-da-muribeca-estou-quase-pronto\/","twitter_card":"summary_large_image","twitter_title":"Mir\u00f3 da Muribeca: Estou quase pronto - Wellington de Melo | escritor","twitter_description":"Biografia de Jo\u00e3o Fl\u00e1vio Cordeiro da Silva, Mir\u00f3 da Muribeca, escrita por Wellington de Melo, acompanha a trajet\u00f3ria do importante poeta brasileiro.","twitter_image":"https:\/\/www.wellingtondemelo.com.br\/site\/wp-content\/uploads\/2025\/09\/ESTOUQUASEPRONTO.jpg","twitter_site":"@wjdemelo","twitter_misc":{"Est. tempo de leitura":"1 minuto"},"schema":{"@context":"https:\/\/schema.org","@graph":[{"@type":"WebPage","@id":"https:\/\/www.wellingtondemelo.com.br\/site\/produto\/miro-da-muribeca-estou-quase-pronto\/","url":"https:\/\/www.wellingtondemelo.com.br\/site\/produto\/miro-da-muribeca-estou-quase-pronto\/","name":"Mir\u00f3 da Muribeca: Estou quase pronto - Wellington de Melo | escritor","isPartOf":{"@id":"https:\/\/www.wellingtondemelo.com.br\/site\/#website"},"primaryImageOfPage":{"@id":"https:\/\/www.wellingtondemelo.com.br\/site\/produto\/miro-da-muribeca-estou-quase-pronto\/#primaryimage"},"image":{"@id":"https:\/\/www.wellingtondemelo.com.br\/site\/produto\/miro-da-muribeca-estou-quase-pronto\/#primaryimage"},"thumbnailUrl":"https:\/\/www.wellingtondemelo.com.br\/site\/wp-content\/uploads\/2025\/09\/ESTOUQUASEPRONTO.jpg","datePublished":"2025-09-22T14:55:40+00:00","dateModified":"2025-09-22T14:57:41+00:00","description":"Biografia de Jo\u00e3o Fl\u00e1vio Cordeiro da Silva, Mir\u00f3 da Muribeca, escrita por Wellington de Melo, acompanha a trajet\u00f3ria do importante poeta brasileiro.","breadcrumb":{"@id":"https:\/\/www.wellingtondemelo.com.br\/site\/produto\/miro-da-muribeca-estou-quase-pronto\/#breadcrumb"},"inLanguage":"pt-BR","potentialAction":[{"@type":"ReadAction","target":["https:\/\/www.wellingtondemelo.com.br\/site\/produto\/miro-da-muribeca-estou-quase-pronto\/"]}]},{"@type":"ImageObject","inLanguage":"pt-BR","@id":"https:\/\/www.wellingtondemelo.com.br\/site\/produto\/miro-da-muribeca-estou-quase-pronto\/#primaryimage","url":"https:\/\/www.wellingtondemelo.com.br\/site\/wp-content\/uploads\/2025\/09\/ESTOUQUASEPRONTO.jpg","contentUrl":"https:\/\/www.wellingtondemelo.com.br\/site\/wp-content\/uploads\/2025\/09\/ESTOUQUASEPRONTO.jpg","width":379,"height":522},{"@type":"BreadcrumbList","@id":"https:\/\/www.wellingtondemelo.com.br\/site\/produto\/miro-da-muribeca-estou-quase-pronto\/#breadcrumb","itemListElement":[{"@type":"ListItem","position":1,"name":"In\u00edcio","item":"https:\/\/www.wellingtondemelo.com.br\/site\/"},{"@type":"ListItem","position":2,"name":"Livraria","item":"https:\/\/www.wellingtondemelo.com.br\/site\/livraria\/"},{"@type":"ListItem","position":3,"name":"Mir\u00f3 da Muribeca: Estou quase pronto"}]},{"@type":"WebSite","@id":"https:\/\/www.wellingtondemelo.com.br\/site\/#website","url":"https:\/\/www.wellingtondemelo.com.br\/site\/","name":"Wellington de Melo | escritor","description":"P\u00e1gina do escritor Wellington de Melo","potentialAction":[{"@type":"SearchAction","target":{"@type":"EntryPoint","urlTemplate":"https:\/\/www.wellingtondemelo.com.br\/site\/?s={search_term_string}"},"query-input":{"@type":"PropertyValueSpecification","valueRequired":true,"valueName":"search_term_string"}}],"inLanguage":"pt-BR"}]}},"_links":{"self":[{"href":"https:\/\/www.wellingtondemelo.com.br\/site\/wp-json\/wp\/v2\/product\/150563734","targetHints":{"allow":["GET"]}}],"collection":[{"href":"https:\/\/www.wellingtondemelo.com.br\/site\/wp-json\/wp\/v2\/product"}],"about":[{"href":"https:\/\/www.wellingtondemelo.com.br\/site\/wp-json\/wp\/v2\/types\/product"}],"replies":[{"embeddable":true,"href":"https:\/\/www.wellingtondemelo.com.br\/site\/wp-json\/wp\/v2\/comments?post=150563734"}],"wp:featuredmedia":[{"embeddable":true,"href":"https:\/\/www.wellingtondemelo.com.br\/site\/wp-json\/wp\/v2\/media\/150563735"}],"wp:attachment":[{"href":"https:\/\/www.wellingtondemelo.com.br\/site\/wp-json\/wp\/v2\/media?parent=150563734"}],"wp:term":[{"taxonomy":"product_brand","embeddable":true,"href":"https:\/\/www.wellingtondemelo.com.br\/site\/wp-json\/wp\/v2\/product_brand?post=150563734"},{"taxonomy":"product_cat","embeddable":true,"href":"https:\/\/www.wellingtondemelo.com.br\/site\/wp-json\/wp\/v2\/product_cat?post=150563734"},{"taxonomy":"product_tag","embeddable":true,"href":"https:\/\/www.wellingtondemelo.com.br\/site\/wp-json\/wp\/v2\/product_tag?post=150563734"}],"curies":[{"name":"wp","href":"https:\/\/api.w.org\/{rel}","templated":true}]}}