{"id":15693,"date":"2009-07-26T16:25:59","date_gmt":"2009-07-26T19:25:59","guid":{"rendered":"http:\/\/www.wellingtondemelo.com.br\/site\/?post_type=product&#038;p=15693"},"modified":"2025-05-06T09:14:33","modified_gmt":"2025-05-06T12:14:33","slug":"desvirtual-provisorio","status":"publish","type":"product","link":"https:\/\/www.wellingtondemelo.com.br\/site\/produto\/desvirtual-provisorio\/","title":{"rendered":"[desvirtual provis\u00f3rio]"},"content":{"rendered":"<p><strong>[desvirtual provis\u00f3rio]<\/strong><br \/>\nISBN-9788599728734<br \/>\n88 p\u00e1ginas<br \/>\nMariposa Cartonera \/ Canal6<\/p>\n","protected":false},"excerpt":{"rendered":"<p>Em seu segundo livro de poemas, Wellington de Melo mergulha no universo da M@quina revela com seu olhar po\u00e9tico as contradi\u00e7\u00f5es de nosso tempo: de desumaniza\u00e7\u00e3o, de simulacros de virtualiza\u00e7\u00e3o da realidade. Dividido em cinco partes (A proto-M@quina, A M@quina, A anti-M@quina, A hiper-M@quina e O p\u00f3), o livro \u00e9 um testemunho po\u00e9tico, \u00e0s vezes apocal\u00edptico, \u00e0s vezes redentor, \u00e0s vezes dotado do mais puro p\u00e2nico, do que significa ser \u201chumano\u201d no come\u00e7o do s\u00e9culo XXI.<\/p>\n<p>Esta \u00e9 uma edi\u00e7\u00e3o cartoneira do livro, com capa customizada em papel\u00e3o.<\/p>\n","protected":false},"featured_media":19531,"comment_status":"closed","ping_status":"closed","template":"","meta":{"inline_featured_image":false},"product_brand":[],"product_cat":[973],"product_tag":[1010,1011],"class_list":{"0":"post-15693","1":"product","2":"type-product","3":"status-publish","4":"has-post-thumbnail","6":"product_cat-poesia-2","7":"product_tag-poesia","8":"product_tag-wellington-de-melo","9":"product_shipping_class-registro-modico","11":"first","12":"instock","13":"sale","14":"shipping-taxable","15":"purchasable","16":"product-type-simple"},"yoast_head":"<!-- This site is optimized with the Yoast SEO plugin v27.4 - https:\/\/yoast.com\/product\/yoast-seo-wordpress\/ -->\n<title>[desvirtual provis\u00f3rio] - Wellington de Melo | escritor<\/title>\n<meta name=\"robots\" content=\"index, follow, max-snippet:-1, max-image-preview:large, max-video-preview:-1\" \/>\n<link rel=\"canonical\" href=\"https:\/\/www.wellingtondemelo.com.br\/site\/produto\/desvirtual-provisorio\/\" \/>\n<meta name=\"twitter:card\" content=\"summary_large_image\" \/>\n<meta name=\"twitter:title\" content=\"[desvirtual provis\u00f3rio] - Wellington de Melo | escritor\" \/>\n<meta name=\"twitter:description\" content=\"Em seu segundo livro de poemas, Wellington de Melo mergulha no universo da M@quina revela com seu olhar po\u00e9tico as contradi\u00e7\u00f5es de nosso tempo: de desumaniza\u00e7\u00e3o, de simulacros de virtualiza\u00e7\u00e3o da realidade. Dividido em cinco partes (A proto-M@quina, A M@quina, A anti-M@quina, A hiper-M@quina e O p\u00f3), o livro \u00e9 um testemunho po\u00e9tico, \u00e0s vezes apocal\u00edptico, \u00e0s vezes redentor, \u00e0s vezes dotado do mais puro p\u00e2nico, do que significa ser \u201chumano\u201d no come\u00e7o do s\u00e9culo XXI.  Esta \u00e9 uma edi\u00e7\u00e3o cartoneira do livro, com capa customizada em papel\u00e3o.\" \/>\n<meta name=\"twitter:image\" content=\"https:\/\/www.wellingtondemelo.com.br\/site\/wp-content\/uploads\/2009\/07\/desvirtual-provisorio.jpg\" \/>\n<meta name=\"twitter:site\" content=\"@wjdemelo\" \/>\n<script type=\"application\/ld+json\" class=\"yoast-schema-graph\">{\"@context\":\"https:\\\/\\\/schema.org\",\"@graph\":[{\"@type\":\"WebPage\",\"@id\":\"https:\\\/\\\/www.wellingtondemelo.com.br\\\/site\\\/produto\\\/desvirtual-provisorio\\\/\",\"url\":\"https:\\\/\\\/www.wellingtondemelo.com.br\\\/site\\\/produto\\\/desvirtual-provisorio\\\/\",\"name\":\"[desvirtual provis\u00f3rio] - Wellington de Melo | escritor\",\"isPartOf\":{\"@id\":\"https:\\\/\\\/www.wellingtondemelo.com.br\\\/site\\\/#website\"},\"primaryImageOfPage\":{\"@id\":\"https:\\\/\\\/www.wellingtondemelo.com.br\\\/site\\\/produto\\\/desvirtual-provisorio\\\/#primaryimage\"},\"image\":{\"@id\":\"https:\\\/\\\/www.wellingtondemelo.com.br\\\/site\\\/produto\\\/desvirtual-provisorio\\\/#primaryimage\"},\"thumbnailUrl\":\"https:\\\/\\\/www.wellingtondemelo.com.br\\\/site\\\/wp-content\\\/uploads\\\/2009\\\/07\\\/desvirtual-provisorio.jpg\",\"datePublished\":\"2009-07-26T19:25:59+00:00\",\"dateModified\":\"2025-05-06T12:14:33+00:00\",\"breadcrumb\":{\"@id\":\"https:\\\/\\\/www.wellingtondemelo.com.br\\\/site\\\/produto\\\/desvirtual-provisorio\\\/#breadcrumb\"},\"inLanguage\":\"pt-BR\",\"potentialAction\":[{\"@type\":\"ReadAction\",\"target\":[\"https:\\\/\\\/www.wellingtondemelo.com.br\\\/site\\\/produto\\\/desvirtual-provisorio\\\/\"]}]},{\"@type\":\"ImageObject\",\"inLanguage\":\"pt-BR\",\"@id\":\"https:\\\/\\\/www.wellingtondemelo.com.br\\\/site\\\/produto\\\/desvirtual-provisorio\\\/#primaryimage\",\"url\":\"https:\\\/\\\/www.wellingtondemelo.com.br\\\/site\\\/wp-content\\\/uploads\\\/2009\\\/07\\\/desvirtual-provisorio.jpg\",\"contentUrl\":\"https:\\\/\\\/www.wellingtondemelo.com.br\\\/site\\\/wp-content\\\/uploads\\\/2009\\\/07\\\/desvirtual-provisorio.jpg\",\"width\":600,\"height\":869},{\"@type\":\"BreadcrumbList\",\"@id\":\"https:\\\/\\\/www.wellingtondemelo.com.br\\\/site\\\/produto\\\/desvirtual-provisorio\\\/#breadcrumb\",\"itemListElement\":[{\"@type\":\"ListItem\",\"position\":1,\"name\":\"In\u00edcio\",\"item\":\"https:\\\/\\\/www.wellingtondemelo.com.br\\\/site\\\/\"},{\"@type\":\"ListItem\",\"position\":2,\"name\":\"Livraria\",\"item\":\"https:\\\/\\\/www.wellingtondemelo.com.br\\\/site\\\/livraria\\\/\"},{\"@type\":\"ListItem\",\"position\":3,\"name\":\"[desvirtual provis\u00f3rio]\"}]},{\"@type\":\"WebSite\",\"@id\":\"https:\\\/\\\/www.wellingtondemelo.com.br\\\/site\\\/#website\",\"url\":\"https:\\\/\\\/www.wellingtondemelo.com.br\\\/site\\\/\",\"name\":\"Wellington de Melo | escritor\",\"description\":\"P\u00e1gina do escritor Wellington de Melo\",\"potentialAction\":[{\"@type\":\"SearchAction\",\"target\":{\"@type\":\"EntryPoint\",\"urlTemplate\":\"https:\\\/\\\/www.wellingtondemelo.com.br\\\/site\\\/?s={search_term_string}\"},\"query-input\":{\"@type\":\"PropertyValueSpecification\",\"valueRequired\":true,\"valueName\":\"search_term_string\"}}],\"inLanguage\":\"pt-BR\"}]}<\/script>\n<!-- \/ Yoast SEO plugin. -->","yoast_head_json":{"title":"[desvirtual provis\u00f3rio] - Wellington de Melo | escritor","robots":{"index":"index","follow":"follow","max-snippet":"max-snippet:-1","max-image-preview":"max-image-preview:large","max-video-preview":"max-video-preview:-1"},"canonical":"https:\/\/www.wellingtondemelo.com.br\/site\/produto\/desvirtual-provisorio\/","twitter_card":"summary_large_image","twitter_title":"[desvirtual provis\u00f3rio] - Wellington de Melo | escritor","twitter_description":"Em seu segundo livro de poemas, Wellington de Melo mergulha no universo da M@quina revela com seu olhar po\u00e9tico as contradi\u00e7\u00f5es de nosso tempo: de desumaniza\u00e7\u00e3o, de simulacros de virtualiza\u00e7\u00e3o da realidade. Dividido em cinco partes (A proto-M@quina, A M@quina, A anti-M@quina, A hiper-M@quina e O p\u00f3), o livro \u00e9 um testemunho po\u00e9tico, \u00e0s vezes apocal\u00edptico, \u00e0s vezes redentor, \u00e0s vezes dotado do mais puro p\u00e2nico, do que significa ser \u201chumano\u201d no come\u00e7o do s\u00e9culo XXI.  Esta \u00e9 uma edi\u00e7\u00e3o cartoneira do livro, com capa customizada em papel\u00e3o.","twitter_image":"https:\/\/www.wellingtondemelo.com.br\/site\/wp-content\/uploads\/2009\/07\/desvirtual-provisorio.jpg","twitter_site":"@wjdemelo","schema":{"@context":"https:\/\/schema.org","@graph":[{"@type":"WebPage","@id":"https:\/\/www.wellingtondemelo.com.br\/site\/produto\/desvirtual-provisorio\/","url":"https:\/\/www.wellingtondemelo.com.br\/site\/produto\/desvirtual-provisorio\/","name":"[desvirtual provis\u00f3rio] - Wellington de Melo | escritor","isPartOf":{"@id":"https:\/\/www.wellingtondemelo.com.br\/site\/#website"},"primaryImageOfPage":{"@id":"https:\/\/www.wellingtondemelo.com.br\/site\/produto\/desvirtual-provisorio\/#primaryimage"},"image":{"@id":"https:\/\/www.wellingtondemelo.com.br\/site\/produto\/desvirtual-provisorio\/#primaryimage"},"thumbnailUrl":"https:\/\/www.wellingtondemelo.com.br\/site\/wp-content\/uploads\/2009\/07\/desvirtual-provisorio.jpg","datePublished":"2009-07-26T19:25:59+00:00","dateModified":"2025-05-06T12:14:33+00:00","breadcrumb":{"@id":"https:\/\/www.wellingtondemelo.com.br\/site\/produto\/desvirtual-provisorio\/#breadcrumb"},"inLanguage":"pt-BR","potentialAction":[{"@type":"ReadAction","target":["https:\/\/www.wellingtondemelo.com.br\/site\/produto\/desvirtual-provisorio\/"]}]},{"@type":"ImageObject","inLanguage":"pt-BR","@id":"https:\/\/www.wellingtondemelo.com.br\/site\/produto\/desvirtual-provisorio\/#primaryimage","url":"https:\/\/www.wellingtondemelo.com.br\/site\/wp-content\/uploads\/2009\/07\/desvirtual-provisorio.jpg","contentUrl":"https:\/\/www.wellingtondemelo.com.br\/site\/wp-content\/uploads\/2009\/07\/desvirtual-provisorio.jpg","width":600,"height":869},{"@type":"BreadcrumbList","@id":"https:\/\/www.wellingtondemelo.com.br\/site\/produto\/desvirtual-provisorio\/#breadcrumb","itemListElement":[{"@type":"ListItem","position":1,"name":"In\u00edcio","item":"https:\/\/www.wellingtondemelo.com.br\/site\/"},{"@type":"ListItem","position":2,"name":"Livraria","item":"https:\/\/www.wellingtondemelo.com.br\/site\/livraria\/"},{"@type":"ListItem","position":3,"name":"[desvirtual provis\u00f3rio]"}]},{"@type":"WebSite","@id":"https:\/\/www.wellingtondemelo.com.br\/site\/#website","url":"https:\/\/www.wellingtondemelo.com.br\/site\/","name":"Wellington de Melo | escritor","description":"P\u00e1gina do escritor Wellington de Melo","potentialAction":[{"@type":"SearchAction","target":{"@type":"EntryPoint","urlTemplate":"https:\/\/www.wellingtondemelo.com.br\/site\/?s={search_term_string}"},"query-input":{"@type":"PropertyValueSpecification","valueRequired":true,"valueName":"search_term_string"}}],"inLanguage":"pt-BR"}]}},"_links":{"self":[{"href":"https:\/\/www.wellingtondemelo.com.br\/site\/wp-json\/wp\/v2\/product\/15693","targetHints":{"allow":["GET"]}}],"collection":[{"href":"https:\/\/www.wellingtondemelo.com.br\/site\/wp-json\/wp\/v2\/product"}],"about":[{"href":"https:\/\/www.wellingtondemelo.com.br\/site\/wp-json\/wp\/v2\/types\/product"}],"replies":[{"embeddable":true,"href":"https:\/\/www.wellingtondemelo.com.br\/site\/wp-json\/wp\/v2\/comments?post=15693"}],"wp:featuredmedia":[{"embeddable":true,"href":"https:\/\/www.wellingtondemelo.com.br\/site\/wp-json\/wp\/v2\/media\/19531"}],"wp:attachment":[{"href":"https:\/\/www.wellingtondemelo.com.br\/site\/wp-json\/wp\/v2\/media?parent=15693"}],"wp:term":[{"taxonomy":"product_brand","embeddable":true,"href":"https:\/\/www.wellingtondemelo.com.br\/site\/wp-json\/wp\/v2\/product_brand?post=15693"},{"taxonomy":"product_cat","embeddable":true,"href":"https:\/\/www.wellingtondemelo.com.br\/site\/wp-json\/wp\/v2\/product_cat?post=15693"},{"taxonomy":"product_tag","embeddable":true,"href":"https:\/\/www.wellingtondemelo.com.br\/site\/wp-json\/wp\/v2\/product_tag?post=15693"}],"curies":[{"name":"wp","href":"https:\/\/api.w.org\/{rel}","templated":true}]}}