{"id":15698,"date":"2013-08-07T16:49:16","date_gmt":"2013-08-07T19:49:16","guid":{"rendered":"http:\/\/www.wellingtondemelo.com.br\/site\/?post_type=product&#038;p=15698"},"modified":"2022-01-15T12:39:34","modified_gmt":"2022-01-15T15:39:34","slug":"o-cacador-de-mariposas","status":"publish","type":"product","link":"https:\/\/www.wellingtondemelo.com.br\/site\/produto\/o-cacador-de-mariposas\/","title":{"rendered":"O ca\u00e7ador de mariposas"},"content":{"rendered":"<div class=\"wpb-content-wrapper\"><p>[vc_row css_animation=&#8221;&#8221; row_type=&#8221;row&#8221; use_row_as_full_screen_section=&#8221;no&#8221; type=&#8221;full_width&#8221; angled_section=&#8221;no&#8221; text_align=&#8221;left&#8221; background_image_as_pattern=&#8221;without_pattern&#8221;][vc_column][vc_column_text]<strong>O ca\u00e7ador de mariposas<\/strong><br \/>\nISBN-978-85-67947-00-6<br \/>\n48 p\u00e1ginas, 14 edi\u00e7\u00e3o<br \/>\nMariposa Cartonera[\/vc_column_text][\/vc_column][\/vc_row]<\/p>\n<\/div>","protected":false},"excerpt":{"rendered":"<p><em>O ca\u00e7ador de mariposas<\/em> \u00e9 um poema longo em que um eu-l\u00edrico duplo de pai e filho tem uma conversa que nunca aconteceu. A partir de uma situa\u00e7\u00e3o de preconceito com seu filho autista n\u00e3o-verbal, Wellington de Melo construiu esse di\u00e1logo po\u00e9tico, que fecha a sua Trilogia do Pai, iniciada com os romances <em>Estrangeiro no labirinto<\/em> e\u00a0<em>Felicidade.<\/em><\/p>\n","protected":false},"featured_media":19530,"comment_status":"closed","ping_status":"closed","template":"","meta":{"inline_featured_image":false},"product_brand":[],"product_cat":[973],"product_tag":[1131,1010,1011],"class_list":{"0":"post-15698","1":"product","2":"type-product","3":"status-publish","4":"has-post-thumbnail","6":"product_cat-poesia-2","7":"product_tag-autismo","8":"product_tag-poesia","9":"product_tag-wellington-de-melo","10":"product_shipping_class-registro-modico","12":"first","13":"instock","14":"shipping-taxable","15":"purchasable","16":"product-type-simple"},"yoast_head":"<!-- This site is optimized with the Yoast SEO plugin v27.4 - https:\/\/yoast.com\/product\/yoast-seo-wordpress\/ -->\n<title>O ca\u00e7ador de mariposas - Wellington de Melo | escritor<\/title>\n<meta name=\"robots\" content=\"index, follow, max-snippet:-1, max-image-preview:large, max-video-preview:-1\" \/>\n<link rel=\"canonical\" href=\"https:\/\/www.wellingtondemelo.com.br\/site\/produto\/o-cacador-de-mariposas\/\" \/>\n<meta name=\"twitter:card\" content=\"summary_large_image\" \/>\n<meta name=\"twitter:title\" content=\"O ca\u00e7ador de mariposas - Wellington de Melo | escritor\" \/>\n<meta name=\"twitter:description\" content=\"O ca\u00e7ador de mariposas \u00e9 um poema longo em que um eu-l\u00edrico duplo de pai e filho tem uma conversa que nunca aconteceu. A partir de uma situa\u00e7\u00e3o de preconceito com seu filho autista n\u00e3o-verbal, Wellington de Melo construiu esse di\u00e1logo po\u00e9tico, que fecha a sua Trilogia do Pai, iniciada com os romances Estrangeiro no labirinto e\u00a0Felicidade.\" \/>\n<meta name=\"twitter:image\" content=\"https:\/\/www.wellingtondemelo.com.br\/site\/wp-content\/uploads\/2013\/08\/img20210413_17265334.jpg\" \/>\n<meta name=\"twitter:site\" content=\"@wjdemelo\" \/>\n<script type=\"application\/ld+json\" class=\"yoast-schema-graph\">{\"@context\":\"https:\\\/\\\/schema.org\",\"@graph\":[{\"@type\":\"WebPage\",\"@id\":\"https:\\\/\\\/www.wellingtondemelo.com.br\\\/site\\\/produto\\\/o-cacador-de-mariposas\\\/\",\"url\":\"https:\\\/\\\/www.wellingtondemelo.com.br\\\/site\\\/produto\\\/o-cacador-de-mariposas\\\/\",\"name\":\"O ca\u00e7ador de mariposas - Wellington de Melo | escritor\",\"isPartOf\":{\"@id\":\"https:\\\/\\\/www.wellingtondemelo.com.br\\\/site\\\/#website\"},\"primaryImageOfPage\":{\"@id\":\"https:\\\/\\\/www.wellingtondemelo.com.br\\\/site\\\/produto\\\/o-cacador-de-mariposas\\\/#primaryimage\"},\"image\":{\"@id\":\"https:\\\/\\\/www.wellingtondemelo.com.br\\\/site\\\/produto\\\/o-cacador-de-mariposas\\\/#primaryimage\"},\"thumbnailUrl\":\"https:\\\/\\\/www.wellingtondemelo.com.br\\\/site\\\/wp-content\\\/uploads\\\/2013\\\/08\\\/img20210413_17265334.jpg\",\"datePublished\":\"2013-08-07T19:49:16+00:00\",\"dateModified\":\"2022-01-15T15:39:34+00:00\",\"breadcrumb\":{\"@id\":\"https:\\\/\\\/www.wellingtondemelo.com.br\\\/site\\\/produto\\\/o-cacador-de-mariposas\\\/#breadcrumb\"},\"inLanguage\":\"pt-BR\",\"potentialAction\":[{\"@type\":\"ReadAction\",\"target\":[\"https:\\\/\\\/www.wellingtondemelo.com.br\\\/site\\\/produto\\\/o-cacador-de-mariposas\\\/\"]}]},{\"@type\":\"ImageObject\",\"inLanguage\":\"pt-BR\",\"@id\":\"https:\\\/\\\/www.wellingtondemelo.com.br\\\/site\\\/produto\\\/o-cacador-de-mariposas\\\/#primaryimage\",\"url\":\"https:\\\/\\\/www.wellingtondemelo.com.br\\\/site\\\/wp-content\\\/uploads\\\/2013\\\/08\\\/img20210413_17265334.jpg\",\"contentUrl\":\"https:\\\/\\\/www.wellingtondemelo.com.br\\\/site\\\/wp-content\\\/uploads\\\/2013\\\/08\\\/img20210413_17265334.jpg\",\"width\":600,\"height\":953},{\"@type\":\"BreadcrumbList\",\"@id\":\"https:\\\/\\\/www.wellingtondemelo.com.br\\\/site\\\/produto\\\/o-cacador-de-mariposas\\\/#breadcrumb\",\"itemListElement\":[{\"@type\":\"ListItem\",\"position\":1,\"name\":\"In\u00edcio\",\"item\":\"https:\\\/\\\/www.wellingtondemelo.com.br\\\/site\\\/\"},{\"@type\":\"ListItem\",\"position\":2,\"name\":\"Livraria\",\"item\":\"https:\\\/\\\/www.wellingtondemelo.com.br\\\/site\\\/livraria\\\/\"},{\"@type\":\"ListItem\",\"position\":3,\"name\":\"O ca\u00e7ador de mariposas\"}]},{\"@type\":\"WebSite\",\"@id\":\"https:\\\/\\\/www.wellingtondemelo.com.br\\\/site\\\/#website\",\"url\":\"https:\\\/\\\/www.wellingtondemelo.com.br\\\/site\\\/\",\"name\":\"Wellington de Melo | escritor\",\"description\":\"P\u00e1gina do escritor Wellington de Melo\",\"potentialAction\":[{\"@type\":\"SearchAction\",\"target\":{\"@type\":\"EntryPoint\",\"urlTemplate\":\"https:\\\/\\\/www.wellingtondemelo.com.br\\\/site\\\/?s={search_term_string}\"},\"query-input\":{\"@type\":\"PropertyValueSpecification\",\"valueRequired\":true,\"valueName\":\"search_term_string\"}}],\"inLanguage\":\"pt-BR\"}]}<\/script>\n<!-- \/ Yoast SEO plugin. -->","yoast_head_json":{"title":"O ca\u00e7ador de mariposas - Wellington de Melo | escritor","robots":{"index":"index","follow":"follow","max-snippet":"max-snippet:-1","max-image-preview":"max-image-preview:large","max-video-preview":"max-video-preview:-1"},"canonical":"https:\/\/www.wellingtondemelo.com.br\/site\/produto\/o-cacador-de-mariposas\/","twitter_card":"summary_large_image","twitter_title":"O ca\u00e7ador de mariposas - Wellington de Melo | escritor","twitter_description":"O ca\u00e7ador de mariposas \u00e9 um poema longo em que um eu-l\u00edrico duplo de pai e filho tem uma conversa que nunca aconteceu. A partir de uma situa\u00e7\u00e3o de preconceito com seu filho autista n\u00e3o-verbal, Wellington de Melo construiu esse di\u00e1logo po\u00e9tico, que fecha a sua Trilogia do Pai, iniciada com os romances Estrangeiro no labirinto e\u00a0Felicidade.","twitter_image":"https:\/\/www.wellingtondemelo.com.br\/site\/wp-content\/uploads\/2013\/08\/img20210413_17265334.jpg","twitter_site":"@wjdemelo","schema":{"@context":"https:\/\/schema.org","@graph":[{"@type":"WebPage","@id":"https:\/\/www.wellingtondemelo.com.br\/site\/produto\/o-cacador-de-mariposas\/","url":"https:\/\/www.wellingtondemelo.com.br\/site\/produto\/o-cacador-de-mariposas\/","name":"O ca\u00e7ador de mariposas - Wellington de Melo | escritor","isPartOf":{"@id":"https:\/\/www.wellingtondemelo.com.br\/site\/#website"},"primaryImageOfPage":{"@id":"https:\/\/www.wellingtondemelo.com.br\/site\/produto\/o-cacador-de-mariposas\/#primaryimage"},"image":{"@id":"https:\/\/www.wellingtondemelo.com.br\/site\/produto\/o-cacador-de-mariposas\/#primaryimage"},"thumbnailUrl":"https:\/\/www.wellingtondemelo.com.br\/site\/wp-content\/uploads\/2013\/08\/img20210413_17265334.jpg","datePublished":"2013-08-07T19:49:16+00:00","dateModified":"2022-01-15T15:39:34+00:00","breadcrumb":{"@id":"https:\/\/www.wellingtondemelo.com.br\/site\/produto\/o-cacador-de-mariposas\/#breadcrumb"},"inLanguage":"pt-BR","potentialAction":[{"@type":"ReadAction","target":["https:\/\/www.wellingtondemelo.com.br\/site\/produto\/o-cacador-de-mariposas\/"]}]},{"@type":"ImageObject","inLanguage":"pt-BR","@id":"https:\/\/www.wellingtondemelo.com.br\/site\/produto\/o-cacador-de-mariposas\/#primaryimage","url":"https:\/\/www.wellingtondemelo.com.br\/site\/wp-content\/uploads\/2013\/08\/img20210413_17265334.jpg","contentUrl":"https:\/\/www.wellingtondemelo.com.br\/site\/wp-content\/uploads\/2013\/08\/img20210413_17265334.jpg","width":600,"height":953},{"@type":"BreadcrumbList","@id":"https:\/\/www.wellingtondemelo.com.br\/site\/produto\/o-cacador-de-mariposas\/#breadcrumb","itemListElement":[{"@type":"ListItem","position":1,"name":"In\u00edcio","item":"https:\/\/www.wellingtondemelo.com.br\/site\/"},{"@type":"ListItem","position":2,"name":"Livraria","item":"https:\/\/www.wellingtondemelo.com.br\/site\/livraria\/"},{"@type":"ListItem","position":3,"name":"O ca\u00e7ador de mariposas"}]},{"@type":"WebSite","@id":"https:\/\/www.wellingtondemelo.com.br\/site\/#website","url":"https:\/\/www.wellingtondemelo.com.br\/site\/","name":"Wellington de Melo | escritor","description":"P\u00e1gina do escritor Wellington de Melo","potentialAction":[{"@type":"SearchAction","target":{"@type":"EntryPoint","urlTemplate":"https:\/\/www.wellingtondemelo.com.br\/site\/?s={search_term_string}"},"query-input":{"@type":"PropertyValueSpecification","valueRequired":true,"valueName":"search_term_string"}}],"inLanguage":"pt-BR"}]}},"_links":{"self":[{"href":"https:\/\/www.wellingtondemelo.com.br\/site\/wp-json\/wp\/v2\/product\/15698","targetHints":{"allow":["GET"]}}],"collection":[{"href":"https:\/\/www.wellingtondemelo.com.br\/site\/wp-json\/wp\/v2\/product"}],"about":[{"href":"https:\/\/www.wellingtondemelo.com.br\/site\/wp-json\/wp\/v2\/types\/product"}],"replies":[{"embeddable":true,"href":"https:\/\/www.wellingtondemelo.com.br\/site\/wp-json\/wp\/v2\/comments?post=15698"}],"wp:featuredmedia":[{"embeddable":true,"href":"https:\/\/www.wellingtondemelo.com.br\/site\/wp-json\/wp\/v2\/media\/19530"}],"wp:attachment":[{"href":"https:\/\/www.wellingtondemelo.com.br\/site\/wp-json\/wp\/v2\/media?parent=15698"}],"wp:term":[{"taxonomy":"product_brand","embeddable":true,"href":"https:\/\/www.wellingtondemelo.com.br\/site\/wp-json\/wp\/v2\/product_brand?post=15698"},{"taxonomy":"product_cat","embeddable":true,"href":"https:\/\/www.wellingtondemelo.com.br\/site\/wp-json\/wp\/v2\/product_cat?post=15698"},{"taxonomy":"product_tag","embeddable":true,"href":"https:\/\/www.wellingtondemelo.com.br\/site\/wp-json\/wp\/v2\/product_tag?post=15698"}],"curies":[{"name":"wp","href":"https:\/\/api.w.org\/{rel}","templated":true}]}}