{"id":15870,"date":"2007-06-18T18:30:07","date_gmt":"2007-06-18T21:30:07","guid":{"rendered":"http:\/\/www.wellingtondemelo.com.br\/site\/?post_type=product&#038;p=15870"},"modified":"2023-06-16T09:50:46","modified_gmt":"2023-06-16T12:50:46","slug":"o-dialogo-das-coisas-2","status":"publish","type":"product","link":"https:\/\/www.wellingtondemelo.com.br\/site\/produto\/o-dialogo-das-coisas-2\/","title":{"rendered":"O di\u00e1logo das coisas"},"content":{"rendered":"<p><strong>O di\u00e1logo das coisas<\/strong><br \/>\n<strong>Wellington de Melo<\/strong><br \/>\nISBN: \u00a0978-8573153865<br \/>\nG\u00eanero: Poesia<br \/>\n53 p.<br \/>\nMariposa Cartonera<\/p>\n","protected":false},"excerpt":{"rendered":"<p>O livro se divide em tr\u00eas blocos denominados \u201cO sangue\u201d (de cunho profundamente auto-biogr\u00e1fico e que revela uma dor profunda quase inconfess\u00e1vel), \u201cA letra\u201d (em que o poeta discorre sobre a beleza da palavra e o pr\u00f3prio fazer po\u00e9tico, bem como d\u00e1 pistas sobre as influ\u00eancias que permeiam a sua obra) e \u201cAs coisas\u201d (bloco essencialmente metaf\u00edsico, cuja ep\u00edgrafe de Rilke denuncia ser uma viagem ao cotidiano profundo dos objetos).<\/p>\n<p>Edi\u00e7\u00e3o cartonera, com capa pintada \u00e0 m\u00e3o pelo autor.<\/p>\n<p><strong>\u00a0<\/strong><\/p>\n","protected":false},"featured_media":15882,"comment_status":"open","ping_status":"closed","template":"","meta":{"inline_featured_image":false},"product_brand":[],"product_cat":[973],"product_tag":[1006,1010],"class_list":{"0":"post-15870","1":"product","2":"type-product","3":"status-publish","4":"has-post-thumbnail","6":"product_cat-poesia-2","7":"product_tag-livro","8":"product_tag-poesia","9":"product_shipping_class-registro-modico","11":"first","12":"outofstock","13":"shipping-taxable","14":"purchasable","15":"product-type-simple"},"yoast_head":"<!-- This site is optimized with the Yoast SEO plugin v27.4 - https:\/\/yoast.com\/product\/yoast-seo-wordpress\/ -->\n<title>O di\u00e1logo das coisas - Wellington de Melo | escritor<\/title>\n<meta name=\"description\" content=\"Livro de poemas de Wellington de Melo\" \/>\n<meta name=\"robots\" content=\"index, follow, max-snippet:-1, max-image-preview:large, max-video-preview:-1\" \/>\n<link rel=\"canonical\" href=\"https:\/\/www.wellingtondemelo.com.br\/site\/produto\/o-dialogo-das-coisas-2\/\" \/>\n<meta name=\"twitter:card\" content=\"summary_large_image\" \/>\n<meta name=\"twitter:title\" content=\"O di\u00e1logo das coisas - Wellington de Melo | escritor\" \/>\n<meta name=\"twitter:description\" content=\"Livro de poemas de Wellington de Melo\" \/>\n<meta name=\"twitter:image\" content=\"https:\/\/www.wellingtondemelo.com.br\/site\/wp-content\/uploads\/2015\/01\/14708650939_bc54e1b5b3_z-2-e1618403295455.jpg\" \/>\n<meta name=\"twitter:site\" content=\"@wjdemelo\" \/>\n<script type=\"application\/ld+json\" class=\"yoast-schema-graph\">{\"@context\":\"https:\\\/\\\/schema.org\",\"@graph\":[{\"@type\":\"WebPage\",\"@id\":\"https:\\\/\\\/www.wellingtondemelo.com.br\\\/site\\\/produto\\\/o-dialogo-das-coisas-2\\\/\",\"url\":\"https:\\\/\\\/www.wellingtondemelo.com.br\\\/site\\\/produto\\\/o-dialogo-das-coisas-2\\\/\",\"name\":\"O di\u00e1logo das coisas - Wellington de Melo | escritor\",\"isPartOf\":{\"@id\":\"https:\\\/\\\/www.wellingtondemelo.com.br\\\/site\\\/#website\"},\"primaryImageOfPage\":{\"@id\":\"https:\\\/\\\/www.wellingtondemelo.com.br\\\/site\\\/produto\\\/o-dialogo-das-coisas-2\\\/#primaryimage\"},\"image\":{\"@id\":\"https:\\\/\\\/www.wellingtondemelo.com.br\\\/site\\\/produto\\\/o-dialogo-das-coisas-2\\\/#primaryimage\"},\"thumbnailUrl\":\"https:\\\/\\\/www.wellingtondemelo.com.br\\\/site\\\/wp-content\\\/uploads\\\/2015\\\/01\\\/14708650939_bc54e1b5b3_z-2-e1618403295455.jpg\",\"datePublished\":\"2007-06-18T21:30:07+00:00\",\"dateModified\":\"2023-06-16T12:50:46+00:00\",\"description\":\"Livro de poemas de Wellington de Melo\",\"breadcrumb\":{\"@id\":\"https:\\\/\\\/www.wellingtondemelo.com.br\\\/site\\\/produto\\\/o-dialogo-das-coisas-2\\\/#breadcrumb\"},\"inLanguage\":\"pt-BR\",\"potentialAction\":[{\"@type\":\"ReadAction\",\"target\":[\"https:\\\/\\\/www.wellingtondemelo.com.br\\\/site\\\/produto\\\/o-dialogo-das-coisas-2\\\/\"]}]},{\"@type\":\"ImageObject\",\"inLanguage\":\"pt-BR\",\"@id\":\"https:\\\/\\\/www.wellingtondemelo.com.br\\\/site\\\/produto\\\/o-dialogo-das-coisas-2\\\/#primaryimage\",\"url\":\"https:\\\/\\\/www.wellingtondemelo.com.br\\\/site\\\/wp-content\\\/uploads\\\/2015\\\/01\\\/14708650939_bc54e1b5b3_z-2-e1618403295455.jpg\",\"contentUrl\":\"https:\\\/\\\/www.wellingtondemelo.com.br\\\/site\\\/wp-content\\\/uploads\\\/2015\\\/01\\\/14708650939_bc54e1b5b3_z-2-e1618403295455.jpg\",\"width\":384,\"height\":534},{\"@type\":\"BreadcrumbList\",\"@id\":\"https:\\\/\\\/www.wellingtondemelo.com.br\\\/site\\\/produto\\\/o-dialogo-das-coisas-2\\\/#breadcrumb\",\"itemListElement\":[{\"@type\":\"ListItem\",\"position\":1,\"name\":\"In\u00edcio\",\"item\":\"https:\\\/\\\/www.wellingtondemelo.com.br\\\/site\\\/\"},{\"@type\":\"ListItem\",\"position\":2,\"name\":\"Livraria\",\"item\":\"https:\\\/\\\/www.wellingtondemelo.com.br\\\/site\\\/livraria\\\/\"},{\"@type\":\"ListItem\",\"position\":3,\"name\":\"O di\u00e1logo das coisas\"}]},{\"@type\":\"WebSite\",\"@id\":\"https:\\\/\\\/www.wellingtondemelo.com.br\\\/site\\\/#website\",\"url\":\"https:\\\/\\\/www.wellingtondemelo.com.br\\\/site\\\/\",\"name\":\"Wellington de Melo | escritor\",\"description\":\"P\u00e1gina do escritor Wellington de Melo\",\"potentialAction\":[{\"@type\":\"SearchAction\",\"target\":{\"@type\":\"EntryPoint\",\"urlTemplate\":\"https:\\\/\\\/www.wellingtondemelo.com.br\\\/site\\\/?s={search_term_string}\"},\"query-input\":{\"@type\":\"PropertyValueSpecification\",\"valueRequired\":true,\"valueName\":\"search_term_string\"}}],\"inLanguage\":\"pt-BR\"}]}<\/script>\n<!-- \/ Yoast SEO plugin. -->","yoast_head_json":{"title":"O di\u00e1logo das coisas - Wellington de Melo | escritor","description":"Livro de poemas de Wellington de Melo","robots":{"index":"index","follow":"follow","max-snippet":"max-snippet:-1","max-image-preview":"max-image-preview:large","max-video-preview":"max-video-preview:-1"},"canonical":"https:\/\/www.wellingtondemelo.com.br\/site\/produto\/o-dialogo-das-coisas-2\/","twitter_card":"summary_large_image","twitter_title":"O di\u00e1logo das coisas - Wellington de Melo | escritor","twitter_description":"Livro de poemas de Wellington de Melo","twitter_image":"https:\/\/www.wellingtondemelo.com.br\/site\/wp-content\/uploads\/2015\/01\/14708650939_bc54e1b5b3_z-2-e1618403295455.jpg","twitter_site":"@wjdemelo","schema":{"@context":"https:\/\/schema.org","@graph":[{"@type":"WebPage","@id":"https:\/\/www.wellingtondemelo.com.br\/site\/produto\/o-dialogo-das-coisas-2\/","url":"https:\/\/www.wellingtondemelo.com.br\/site\/produto\/o-dialogo-das-coisas-2\/","name":"O di\u00e1logo das coisas - Wellington de Melo | escritor","isPartOf":{"@id":"https:\/\/www.wellingtondemelo.com.br\/site\/#website"},"primaryImageOfPage":{"@id":"https:\/\/www.wellingtondemelo.com.br\/site\/produto\/o-dialogo-das-coisas-2\/#primaryimage"},"image":{"@id":"https:\/\/www.wellingtondemelo.com.br\/site\/produto\/o-dialogo-das-coisas-2\/#primaryimage"},"thumbnailUrl":"https:\/\/www.wellingtondemelo.com.br\/site\/wp-content\/uploads\/2015\/01\/14708650939_bc54e1b5b3_z-2-e1618403295455.jpg","datePublished":"2007-06-18T21:30:07+00:00","dateModified":"2023-06-16T12:50:46+00:00","description":"Livro de poemas de Wellington de Melo","breadcrumb":{"@id":"https:\/\/www.wellingtondemelo.com.br\/site\/produto\/o-dialogo-das-coisas-2\/#breadcrumb"},"inLanguage":"pt-BR","potentialAction":[{"@type":"ReadAction","target":["https:\/\/www.wellingtondemelo.com.br\/site\/produto\/o-dialogo-das-coisas-2\/"]}]},{"@type":"ImageObject","inLanguage":"pt-BR","@id":"https:\/\/www.wellingtondemelo.com.br\/site\/produto\/o-dialogo-das-coisas-2\/#primaryimage","url":"https:\/\/www.wellingtondemelo.com.br\/site\/wp-content\/uploads\/2015\/01\/14708650939_bc54e1b5b3_z-2-e1618403295455.jpg","contentUrl":"https:\/\/www.wellingtondemelo.com.br\/site\/wp-content\/uploads\/2015\/01\/14708650939_bc54e1b5b3_z-2-e1618403295455.jpg","width":384,"height":534},{"@type":"BreadcrumbList","@id":"https:\/\/www.wellingtondemelo.com.br\/site\/produto\/o-dialogo-das-coisas-2\/#breadcrumb","itemListElement":[{"@type":"ListItem","position":1,"name":"In\u00edcio","item":"https:\/\/www.wellingtondemelo.com.br\/site\/"},{"@type":"ListItem","position":2,"name":"Livraria","item":"https:\/\/www.wellingtondemelo.com.br\/site\/livraria\/"},{"@type":"ListItem","position":3,"name":"O di\u00e1logo das coisas"}]},{"@type":"WebSite","@id":"https:\/\/www.wellingtondemelo.com.br\/site\/#website","url":"https:\/\/www.wellingtondemelo.com.br\/site\/","name":"Wellington de Melo | escritor","description":"P\u00e1gina do escritor Wellington de Melo","potentialAction":[{"@type":"SearchAction","target":{"@type":"EntryPoint","urlTemplate":"https:\/\/www.wellingtondemelo.com.br\/site\/?s={search_term_string}"},"query-input":{"@type":"PropertyValueSpecification","valueRequired":true,"valueName":"search_term_string"}}],"inLanguage":"pt-BR"}]}},"_links":{"self":[{"href":"https:\/\/www.wellingtondemelo.com.br\/site\/wp-json\/wp\/v2\/product\/15870","targetHints":{"allow":["GET"]}}],"collection":[{"href":"https:\/\/www.wellingtondemelo.com.br\/site\/wp-json\/wp\/v2\/product"}],"about":[{"href":"https:\/\/www.wellingtondemelo.com.br\/site\/wp-json\/wp\/v2\/types\/product"}],"replies":[{"embeddable":true,"href":"https:\/\/www.wellingtondemelo.com.br\/site\/wp-json\/wp\/v2\/comments?post=15870"}],"wp:featuredmedia":[{"embeddable":true,"href":"https:\/\/www.wellingtondemelo.com.br\/site\/wp-json\/wp\/v2\/media\/15882"}],"wp:attachment":[{"href":"https:\/\/www.wellingtondemelo.com.br\/site\/wp-json\/wp\/v2\/media?parent=15870"}],"wp:term":[{"taxonomy":"product_brand","embeddable":true,"href":"https:\/\/www.wellingtondemelo.com.br\/site\/wp-json\/wp\/v2\/product_brand?post=15870"},{"taxonomy":"product_cat","embeddable":true,"href":"https:\/\/www.wellingtondemelo.com.br\/site\/wp-json\/wp\/v2\/product_cat?post=15870"},{"taxonomy":"product_tag","embeddable":true,"href":"https:\/\/www.wellingtondemelo.com.br\/site\/wp-json\/wp\/v2\/product_tag?post=15870"}],"curies":[{"name":"wp","href":"https:\/\/api.w.org\/{rel}","templated":true}]}}