{"id":16064,"date":"2010-12-03T09:52:19","date_gmt":"2010-12-03T12:52:19","guid":{"rendered":"http:\/\/www.wellingtondemelo.com.br\/site\/?post_type=product&#038;p=16064"},"modified":"2021-04-13T21:03:15","modified_gmt":"2021-04-14T00:03:15","slug":"o-peso-do-medo","status":"publish","type":"product","link":"https:\/\/www.wellingtondemelo.com.br\/site\/produto\/o-peso-do-medo\/","title":{"rendered":"o peso do medo"},"content":{"rendered":"<p><strong>o peso do medo 30 poemas em f\u00faria<br \/>\nWellington de Melo<\/strong><br \/>\nISBN: \u00a0978-8561952148<br \/>\nG\u00eanero: Poesia<br \/>\n88\u00a0p.<br \/>\nPa\u00e9s Editora<\/p>\n","protected":false},"excerpt":{"rendered":"<p>Neste livro, o autor percorre paisagens po\u00e9ticas atrav\u00e9s das quais apresenta aos leitores uma vis\u00e3o de poesia como forma de pensamento. O poeta reflete sobre o medo em suas mais diversas dimens\u00f5es. Os poemas do livro s\u00e3o dispostos em tr\u00eas blocos, cujos nomes rementem a lugares em que se desenvolve o medo do poeta &#8211; o medo, a f\u00faria, a alcova (medos individuais); o medo, a f\u00faria, o gabinete (medos universais); o medo, a f\u00faria, a rua (medos imediatos). Temas como o anonimato, a incomunicabilidade, a viol\u00eancia e a luta de classes aparecem nesses poemas dispostos de maneira linear, sem pontua\u00e7\u00e3o ou versos aparentes.<\/p>\n","protected":false},"featured_media":11010,"comment_status":"closed","ping_status":"closed","template":"","meta":{"inline_featured_image":false},"product_brand":[],"product_cat":[973],"product_tag":[987,1010],"class_list":{"0":"post-16064","1":"product","2":"type-product","3":"status-publish","4":"has-post-thumbnail","6":"product_cat-poesia-2","7":"product_tag-o-peso-do-medo","8":"product_tag-poesia","9":"product_shipping_class-registro-modico","11":"first","12":"instock","13":"shipping-taxable","14":"purchasable","15":"product-type-simple"},"yoast_head":"<!-- This site is optimized with the Yoast SEO plugin v27.4 - https:\/\/yoast.com\/product\/yoast-seo-wordpress\/ -->\n<title>o peso do medo - Wellington de Melo | escritor<\/title>\n<meta name=\"description\" content=\"Adquira seu exemplar autografado de o peso do medo 30 poemas em f\u00faria\" \/>\n<meta name=\"robots\" content=\"index, follow, max-snippet:-1, max-image-preview:large, max-video-preview:-1\" \/>\n<link rel=\"canonical\" href=\"https:\/\/www.wellingtondemelo.com.br\/site\/produto\/o-peso-do-medo\/\" \/>\n<meta name=\"twitter:card\" content=\"summary_large_image\" \/>\n<meta name=\"twitter:title\" content=\"o peso do medo - Wellington de Melo | escritor\" \/>\n<meta name=\"twitter:description\" content=\"Adquira seu exemplar autografado de o peso do medo 30 poemas em f\u00faria\" \/>\n<meta name=\"twitter:image\" content=\"https:\/\/www.wellingtondemelo.com.br\/site\/wp-content\/uploads\/2013\/12\/capa-o-peso-do-medo-e1618358492364.jpg\" \/>\n<meta name=\"twitter:site\" content=\"@wjdemelo\" \/>\n<script type=\"application\/ld+json\" class=\"yoast-schema-graph\">{\"@context\":\"https:\\\/\\\/schema.org\",\"@graph\":[{\"@type\":\"WebPage\",\"@id\":\"https:\\\/\\\/www.wellingtondemelo.com.br\\\/site\\\/produto\\\/o-peso-do-medo\\\/\",\"url\":\"https:\\\/\\\/www.wellingtondemelo.com.br\\\/site\\\/produto\\\/o-peso-do-medo\\\/\",\"name\":\"o peso do medo - Wellington de Melo | escritor\",\"isPartOf\":{\"@id\":\"https:\\\/\\\/www.wellingtondemelo.com.br\\\/site\\\/#website\"},\"primaryImageOfPage\":{\"@id\":\"https:\\\/\\\/www.wellingtondemelo.com.br\\\/site\\\/produto\\\/o-peso-do-medo\\\/#primaryimage\"},\"image\":{\"@id\":\"https:\\\/\\\/www.wellingtondemelo.com.br\\\/site\\\/produto\\\/o-peso-do-medo\\\/#primaryimage\"},\"thumbnailUrl\":\"https:\\\/\\\/www.wellingtondemelo.com.br\\\/site\\\/wp-content\\\/uploads\\\/2013\\\/12\\\/capa-o-peso-do-medo-e1618358492364.jpg\",\"datePublished\":\"2010-12-03T12:52:19+00:00\",\"dateModified\":\"2021-04-14T00:03:15+00:00\",\"description\":\"Adquira seu exemplar autografado de o peso do medo 30 poemas em f\u00faria\",\"breadcrumb\":{\"@id\":\"https:\\\/\\\/www.wellingtondemelo.com.br\\\/site\\\/produto\\\/o-peso-do-medo\\\/#breadcrumb\"},\"inLanguage\":\"pt-BR\",\"potentialAction\":[{\"@type\":\"ReadAction\",\"target\":[\"https:\\\/\\\/www.wellingtondemelo.com.br\\\/site\\\/produto\\\/o-peso-do-medo\\\/\"]}]},{\"@type\":\"ImageObject\",\"inLanguage\":\"pt-BR\",\"@id\":\"https:\\\/\\\/www.wellingtondemelo.com.br\\\/site\\\/produto\\\/o-peso-do-medo\\\/#primaryimage\",\"url\":\"https:\\\/\\\/www.wellingtondemelo.com.br\\\/site\\\/wp-content\\\/uploads\\\/2013\\\/12\\\/capa-o-peso-do-medo-e1618358492364.jpg\",\"contentUrl\":\"https:\\\/\\\/www.wellingtondemelo.com.br\\\/site\\\/wp-content\\\/uploads\\\/2013\\\/12\\\/capa-o-peso-do-medo-e1618358492364.jpg\",\"width\":600,\"height\":757,\"caption\":\"o peso do medo\"},{\"@type\":\"BreadcrumbList\",\"@id\":\"https:\\\/\\\/www.wellingtondemelo.com.br\\\/site\\\/produto\\\/o-peso-do-medo\\\/#breadcrumb\",\"itemListElement\":[{\"@type\":\"ListItem\",\"position\":1,\"name\":\"In\u00edcio\",\"item\":\"https:\\\/\\\/www.wellingtondemelo.com.br\\\/site\\\/\"},{\"@type\":\"ListItem\",\"position\":2,\"name\":\"Livraria\",\"item\":\"https:\\\/\\\/www.wellingtondemelo.com.br\\\/site\\\/livraria\\\/\"},{\"@type\":\"ListItem\",\"position\":3,\"name\":\"o peso do medo\"}]},{\"@type\":\"WebSite\",\"@id\":\"https:\\\/\\\/www.wellingtondemelo.com.br\\\/site\\\/#website\",\"url\":\"https:\\\/\\\/www.wellingtondemelo.com.br\\\/site\\\/\",\"name\":\"Wellington de Melo | escritor\",\"description\":\"P\u00e1gina do escritor Wellington de Melo\",\"potentialAction\":[{\"@type\":\"SearchAction\",\"target\":{\"@type\":\"EntryPoint\",\"urlTemplate\":\"https:\\\/\\\/www.wellingtondemelo.com.br\\\/site\\\/?s={search_term_string}\"},\"query-input\":{\"@type\":\"PropertyValueSpecification\",\"valueRequired\":true,\"valueName\":\"search_term_string\"}}],\"inLanguage\":\"pt-BR\"}]}<\/script>\n<!-- \/ Yoast SEO plugin. -->","yoast_head_json":{"title":"o peso do medo - Wellington de Melo | escritor","description":"Adquira seu exemplar autografado de o peso do medo 30 poemas em f\u00faria","robots":{"index":"index","follow":"follow","max-snippet":"max-snippet:-1","max-image-preview":"max-image-preview:large","max-video-preview":"max-video-preview:-1"},"canonical":"https:\/\/www.wellingtondemelo.com.br\/site\/produto\/o-peso-do-medo\/","twitter_card":"summary_large_image","twitter_title":"o peso do medo - Wellington de Melo | escritor","twitter_description":"Adquira seu exemplar autografado de o peso do medo 30 poemas em f\u00faria","twitter_image":"https:\/\/www.wellingtondemelo.com.br\/site\/wp-content\/uploads\/2013\/12\/capa-o-peso-do-medo-e1618358492364.jpg","twitter_site":"@wjdemelo","schema":{"@context":"https:\/\/schema.org","@graph":[{"@type":"WebPage","@id":"https:\/\/www.wellingtondemelo.com.br\/site\/produto\/o-peso-do-medo\/","url":"https:\/\/www.wellingtondemelo.com.br\/site\/produto\/o-peso-do-medo\/","name":"o peso do medo - Wellington de Melo | escritor","isPartOf":{"@id":"https:\/\/www.wellingtondemelo.com.br\/site\/#website"},"primaryImageOfPage":{"@id":"https:\/\/www.wellingtondemelo.com.br\/site\/produto\/o-peso-do-medo\/#primaryimage"},"image":{"@id":"https:\/\/www.wellingtondemelo.com.br\/site\/produto\/o-peso-do-medo\/#primaryimage"},"thumbnailUrl":"https:\/\/www.wellingtondemelo.com.br\/site\/wp-content\/uploads\/2013\/12\/capa-o-peso-do-medo-e1618358492364.jpg","datePublished":"2010-12-03T12:52:19+00:00","dateModified":"2021-04-14T00:03:15+00:00","description":"Adquira seu exemplar autografado de o peso do medo 30 poemas em f\u00faria","breadcrumb":{"@id":"https:\/\/www.wellingtondemelo.com.br\/site\/produto\/o-peso-do-medo\/#breadcrumb"},"inLanguage":"pt-BR","potentialAction":[{"@type":"ReadAction","target":["https:\/\/www.wellingtondemelo.com.br\/site\/produto\/o-peso-do-medo\/"]}]},{"@type":"ImageObject","inLanguage":"pt-BR","@id":"https:\/\/www.wellingtondemelo.com.br\/site\/produto\/o-peso-do-medo\/#primaryimage","url":"https:\/\/www.wellingtondemelo.com.br\/site\/wp-content\/uploads\/2013\/12\/capa-o-peso-do-medo-e1618358492364.jpg","contentUrl":"https:\/\/www.wellingtondemelo.com.br\/site\/wp-content\/uploads\/2013\/12\/capa-o-peso-do-medo-e1618358492364.jpg","width":600,"height":757,"caption":"o peso do medo"},{"@type":"BreadcrumbList","@id":"https:\/\/www.wellingtondemelo.com.br\/site\/produto\/o-peso-do-medo\/#breadcrumb","itemListElement":[{"@type":"ListItem","position":1,"name":"In\u00edcio","item":"https:\/\/www.wellingtondemelo.com.br\/site\/"},{"@type":"ListItem","position":2,"name":"Livraria","item":"https:\/\/www.wellingtondemelo.com.br\/site\/livraria\/"},{"@type":"ListItem","position":3,"name":"o peso do medo"}]},{"@type":"WebSite","@id":"https:\/\/www.wellingtondemelo.com.br\/site\/#website","url":"https:\/\/www.wellingtondemelo.com.br\/site\/","name":"Wellington de Melo | escritor","description":"P\u00e1gina do escritor Wellington de Melo","potentialAction":[{"@type":"SearchAction","target":{"@type":"EntryPoint","urlTemplate":"https:\/\/www.wellingtondemelo.com.br\/site\/?s={search_term_string}"},"query-input":{"@type":"PropertyValueSpecification","valueRequired":true,"valueName":"search_term_string"}}],"inLanguage":"pt-BR"}]}},"_links":{"self":[{"href":"https:\/\/www.wellingtondemelo.com.br\/site\/wp-json\/wp\/v2\/product\/16064","targetHints":{"allow":["GET"]}}],"collection":[{"href":"https:\/\/www.wellingtondemelo.com.br\/site\/wp-json\/wp\/v2\/product"}],"about":[{"href":"https:\/\/www.wellingtondemelo.com.br\/site\/wp-json\/wp\/v2\/types\/product"}],"replies":[{"embeddable":true,"href":"https:\/\/www.wellingtondemelo.com.br\/site\/wp-json\/wp\/v2\/comments?post=16064"}],"wp:featuredmedia":[{"embeddable":true,"href":"https:\/\/www.wellingtondemelo.com.br\/site\/wp-json\/wp\/v2\/media\/11010"}],"wp:attachment":[{"href":"https:\/\/www.wellingtondemelo.com.br\/site\/wp-json\/wp\/v2\/media?parent=16064"}],"wp:term":[{"taxonomy":"product_brand","embeddable":true,"href":"https:\/\/www.wellingtondemelo.com.br\/site\/wp-json\/wp\/v2\/product_brand?post=16064"},{"taxonomy":"product_cat","embeddable":true,"href":"https:\/\/www.wellingtondemelo.com.br\/site\/wp-json\/wp\/v2\/product_cat?post=16064"},{"taxonomy":"product_tag","embeddable":true,"href":"https:\/\/www.wellingtondemelo.com.br\/site\/wp-json\/wp\/v2\/product_tag?post=16064"}],"curies":[{"name":"wp","href":"https:\/\/api.w.org\/{rel}","templated":true}]}}