{"id":23139,"date":"2023-11-07T23:24:52","date_gmt":"2023-11-08T02:24:52","guid":{"rendered":"https:\/\/www.wellingtondemelo.com.br\/site\/?post_type=product&#038;p=23139"},"modified":"2023-12-08T07:43:26","modified_gmt":"2023-12-08T10:43:26","slug":"emilio","status":"publish","type":"product","link":"https:\/\/www.wellingtondemelo.com.br\/site\/produto\/emilio\/","title":{"rendered":"Emilio"},"content":{"rendered":"<p>Num futuro pr\u00f3ximo, Cl\u00e1udia, uma professora autoexilada precisa voltar para atender ao pedido de uma amiga que est\u00e1 morrendo. Para cuidar do filho de Marcela quando ela se for, Cl\u00e1udia precisar\u00e1 enfrentar segredos do passado e decidir se confrontar\u00e1 um inimigo: o ide\u00f3logo extremista Emilio Garza, que tornou sua vida um inferno. Cl\u00e1udia n\u00e3o quer retornar, mas a possibilidade de reparar uma injusti\u00e7a a move para essa \u201cfaixa litor\u00e2nea de ressentimento que fica no que antes foi um grande pa\u00eds\u201d. Mas voltar para casa pode n\u00e3o ser um bom neg\u00f3cio.<\/p>\n","protected":false},"excerpt":{"rendered":"<p>Num futuro pr\u00f3ximo, Cl\u00e1udia, uma professora autoexilada precisa voltar para atender ao pedido de uma amiga que est\u00e1 morrendo. Para cuidar do filho de Marcela quando ela se for, Cl\u00e1udia precisar\u00e1 enfrentar segredos do passado e decidir se confrontar\u00e1 um inimigo: o ide\u00f3logo extremista Emilio Garza, que tornou sua vida um inferno. Cl\u00e1udia n\u00e3o quer retornar, mas a possibilidade de reparar uma injusti\u00e7a a move para essa \u201cfaixa litor\u00e2nea de ressentimento que fica no que antes foi um grande pa\u00eds\u201d. Mas voltar para casa pode n\u00e3o ser um bom neg\u00f3cio.<\/p>\n","protected":false},"featured_media":23123,"comment_status":"open","ping_status":"closed","template":"","meta":{"inline_featured_image":false},"product_brand":[],"product_cat":[838],"product_tag":[1025],"class_list":{"0":"post-23139","1":"product","2":"type-product","3":"status-publish","4":"has-post-thumbnail","6":"product_cat-ficcao-2","7":"product_tag-romance","8":"product_shipping_class-registro-modico","10":"first","11":"instock","12":"shipping-taxable","13":"purchasable","14":"product-type-simple"},"yoast_head":"<!-- This site is optimized with the Yoast SEO plugin v27.4 - https:\/\/yoast.com\/product\/yoast-seo-wordpress\/ -->\n<title>Emilio - Wellington de Melo | escritor<\/title>\n<meta name=\"description\" content=\"Emilio \u00e9 o novo romance de Wellington de Melo, que se passa num futuro pr\u00f3ximo, quando uma professora volta ao pa\u00eds que a odeia para reparar uma injusti\u00e7a.\" \/>\n<meta name=\"robots\" content=\"index, follow, max-snippet:-1, max-image-preview:large, max-video-preview:-1\" \/>\n<link rel=\"canonical\" href=\"https:\/\/www.wellingtondemelo.com.br\/site\/produto\/emilio\/\" \/>\n<meta name=\"twitter:card\" content=\"summary_large_image\" \/>\n<meta name=\"twitter:title\" content=\"Emilio - Wellington de Melo | escritor\" \/>\n<meta name=\"twitter:description\" content=\"Emilio \u00e9 o novo romance de Wellington de Melo, que se passa num futuro pr\u00f3ximo, quando uma professora volta ao pa\u00eds que a odeia para reparar uma injusti\u00e7a.\" \/>\n<meta name=\"twitter:image\" content=\"https:\/\/www.wellingtondemelo.com.br\/site\/wp-content\/uploads\/2023\/11\/Emilio_png-copia.png\" \/>\n<meta name=\"twitter:site\" content=\"@wjdemelo\" \/>\n<meta name=\"twitter:label1\" content=\"Est. tempo de leitura\" \/>\n\t<meta name=\"twitter:data1\" content=\"1 minuto\" \/>\n<script type=\"application\/ld+json\" class=\"yoast-schema-graph\">{\"@context\":\"https:\\\/\\\/schema.org\",\"@graph\":[{\"@type\":\"WebPage\",\"@id\":\"https:\\\/\\\/www.wellingtondemelo.com.br\\\/site\\\/produto\\\/emilio\\\/\",\"url\":\"https:\\\/\\\/www.wellingtondemelo.com.br\\\/site\\\/produto\\\/emilio\\\/\",\"name\":\"Emilio - Wellington de Melo | escritor\",\"isPartOf\":{\"@id\":\"https:\\\/\\\/www.wellingtondemelo.com.br\\\/site\\\/#website\"},\"primaryImageOfPage\":{\"@id\":\"https:\\\/\\\/www.wellingtondemelo.com.br\\\/site\\\/produto\\\/emilio\\\/#primaryimage\"},\"image\":{\"@id\":\"https:\\\/\\\/www.wellingtondemelo.com.br\\\/site\\\/produto\\\/emilio\\\/#primaryimage\"},\"thumbnailUrl\":\"https:\\\/\\\/www.wellingtondemelo.com.br\\\/site\\\/wp-content\\\/uploads\\\/2023\\\/11\\\/Emilio_png-copia.png\",\"datePublished\":\"2023-11-08T02:24:52+00:00\",\"dateModified\":\"2023-12-08T10:43:26+00:00\",\"description\":\"Emilio \u00e9 o novo romance de Wellington de Melo, que se passa num futuro pr\u00f3ximo, quando uma professora volta ao pa\u00eds que a odeia para reparar uma injusti\u00e7a.\",\"breadcrumb\":{\"@id\":\"https:\\\/\\\/www.wellingtondemelo.com.br\\\/site\\\/produto\\\/emilio\\\/#breadcrumb\"},\"inLanguage\":\"pt-BR\",\"potentialAction\":[{\"@type\":\"ReadAction\",\"target\":[\"https:\\\/\\\/www.wellingtondemelo.com.br\\\/site\\\/produto\\\/emilio\\\/\"]}]},{\"@type\":\"ImageObject\",\"inLanguage\":\"pt-BR\",\"@id\":\"https:\\\/\\\/www.wellingtondemelo.com.br\\\/site\\\/produto\\\/emilio\\\/#primaryimage\",\"url\":\"https:\\\/\\\/www.wellingtondemelo.com.br\\\/site\\\/wp-content\\\/uploads\\\/2023\\\/11\\\/Emilio_png-copia.png\",\"contentUrl\":\"https:\\\/\\\/www.wellingtondemelo.com.br\\\/site\\\/wp-content\\\/uploads\\\/2023\\\/11\\\/Emilio_png-copia.png\",\"width\":800,\"height\":1222},{\"@type\":\"BreadcrumbList\",\"@id\":\"https:\\\/\\\/www.wellingtondemelo.com.br\\\/site\\\/produto\\\/emilio\\\/#breadcrumb\",\"itemListElement\":[{\"@type\":\"ListItem\",\"position\":1,\"name\":\"In\u00edcio\",\"item\":\"https:\\\/\\\/www.wellingtondemelo.com.br\\\/site\\\/\"},{\"@type\":\"ListItem\",\"position\":2,\"name\":\"Livraria\",\"item\":\"https:\\\/\\\/www.wellingtondemelo.com.br\\\/site\\\/livraria\\\/\"},{\"@type\":\"ListItem\",\"position\":3,\"name\":\"Emilio\"}]},{\"@type\":\"WebSite\",\"@id\":\"https:\\\/\\\/www.wellingtondemelo.com.br\\\/site\\\/#website\",\"url\":\"https:\\\/\\\/www.wellingtondemelo.com.br\\\/site\\\/\",\"name\":\"Wellington de Melo | escritor\",\"description\":\"P\u00e1gina do escritor Wellington de Melo\",\"potentialAction\":[{\"@type\":\"SearchAction\",\"target\":{\"@type\":\"EntryPoint\",\"urlTemplate\":\"https:\\\/\\\/www.wellingtondemelo.com.br\\\/site\\\/?s={search_term_string}\"},\"query-input\":{\"@type\":\"PropertyValueSpecification\",\"valueRequired\":true,\"valueName\":\"search_term_string\"}}],\"inLanguage\":\"pt-BR\"}]}<\/script>\n<!-- \/ Yoast SEO plugin. -->","yoast_head_json":{"title":"Emilio - Wellington de Melo | escritor","description":"Emilio \u00e9 o novo romance de Wellington de Melo, que se passa num futuro pr\u00f3ximo, quando uma professora volta ao pa\u00eds que a odeia para reparar uma injusti\u00e7a.","robots":{"index":"index","follow":"follow","max-snippet":"max-snippet:-1","max-image-preview":"max-image-preview:large","max-video-preview":"max-video-preview:-1"},"canonical":"https:\/\/www.wellingtondemelo.com.br\/site\/produto\/emilio\/","twitter_card":"summary_large_image","twitter_title":"Emilio - Wellington de Melo | escritor","twitter_description":"Emilio \u00e9 o novo romance de Wellington de Melo, que se passa num futuro pr\u00f3ximo, quando uma professora volta ao pa\u00eds que a odeia para reparar uma injusti\u00e7a.","twitter_image":"https:\/\/www.wellingtondemelo.com.br\/site\/wp-content\/uploads\/2023\/11\/Emilio_png-copia.png","twitter_site":"@wjdemelo","twitter_misc":{"Est. tempo de leitura":"1 minuto"},"schema":{"@context":"https:\/\/schema.org","@graph":[{"@type":"WebPage","@id":"https:\/\/www.wellingtondemelo.com.br\/site\/produto\/emilio\/","url":"https:\/\/www.wellingtondemelo.com.br\/site\/produto\/emilio\/","name":"Emilio - Wellington de Melo | escritor","isPartOf":{"@id":"https:\/\/www.wellingtondemelo.com.br\/site\/#website"},"primaryImageOfPage":{"@id":"https:\/\/www.wellingtondemelo.com.br\/site\/produto\/emilio\/#primaryimage"},"image":{"@id":"https:\/\/www.wellingtondemelo.com.br\/site\/produto\/emilio\/#primaryimage"},"thumbnailUrl":"https:\/\/www.wellingtondemelo.com.br\/site\/wp-content\/uploads\/2023\/11\/Emilio_png-copia.png","datePublished":"2023-11-08T02:24:52+00:00","dateModified":"2023-12-08T10:43:26+00:00","description":"Emilio \u00e9 o novo romance de Wellington de Melo, que se passa num futuro pr\u00f3ximo, quando uma professora volta ao pa\u00eds que a odeia para reparar uma injusti\u00e7a.","breadcrumb":{"@id":"https:\/\/www.wellingtondemelo.com.br\/site\/produto\/emilio\/#breadcrumb"},"inLanguage":"pt-BR","potentialAction":[{"@type":"ReadAction","target":["https:\/\/www.wellingtondemelo.com.br\/site\/produto\/emilio\/"]}]},{"@type":"ImageObject","inLanguage":"pt-BR","@id":"https:\/\/www.wellingtondemelo.com.br\/site\/produto\/emilio\/#primaryimage","url":"https:\/\/www.wellingtondemelo.com.br\/site\/wp-content\/uploads\/2023\/11\/Emilio_png-copia.png","contentUrl":"https:\/\/www.wellingtondemelo.com.br\/site\/wp-content\/uploads\/2023\/11\/Emilio_png-copia.png","width":800,"height":1222},{"@type":"BreadcrumbList","@id":"https:\/\/www.wellingtondemelo.com.br\/site\/produto\/emilio\/#breadcrumb","itemListElement":[{"@type":"ListItem","position":1,"name":"In\u00edcio","item":"https:\/\/www.wellingtondemelo.com.br\/site\/"},{"@type":"ListItem","position":2,"name":"Livraria","item":"https:\/\/www.wellingtondemelo.com.br\/site\/livraria\/"},{"@type":"ListItem","position":3,"name":"Emilio"}]},{"@type":"WebSite","@id":"https:\/\/www.wellingtondemelo.com.br\/site\/#website","url":"https:\/\/www.wellingtondemelo.com.br\/site\/","name":"Wellington de Melo | escritor","description":"P\u00e1gina do escritor Wellington de Melo","potentialAction":[{"@type":"SearchAction","target":{"@type":"EntryPoint","urlTemplate":"https:\/\/www.wellingtondemelo.com.br\/site\/?s={search_term_string}"},"query-input":{"@type":"PropertyValueSpecification","valueRequired":true,"valueName":"search_term_string"}}],"inLanguage":"pt-BR"}]}},"_links":{"self":[{"href":"https:\/\/www.wellingtondemelo.com.br\/site\/wp-json\/wp\/v2\/product\/23139","targetHints":{"allow":["GET"]}}],"collection":[{"href":"https:\/\/www.wellingtondemelo.com.br\/site\/wp-json\/wp\/v2\/product"}],"about":[{"href":"https:\/\/www.wellingtondemelo.com.br\/site\/wp-json\/wp\/v2\/types\/product"}],"replies":[{"embeddable":true,"href":"https:\/\/www.wellingtondemelo.com.br\/site\/wp-json\/wp\/v2\/comments?post=23139"}],"wp:featuredmedia":[{"embeddable":true,"href":"https:\/\/www.wellingtondemelo.com.br\/site\/wp-json\/wp\/v2\/media\/23123"}],"wp:attachment":[{"href":"https:\/\/www.wellingtondemelo.com.br\/site\/wp-json\/wp\/v2\/media?parent=23139"}],"wp:term":[{"taxonomy":"product_brand","embeddable":true,"href":"https:\/\/www.wellingtondemelo.com.br\/site\/wp-json\/wp\/v2\/product_brand?post=23139"},{"taxonomy":"product_cat","embeddable":true,"href":"https:\/\/www.wellingtondemelo.com.br\/site\/wp-json\/wp\/v2\/product_cat?post=23139"},{"taxonomy":"product_tag","embeddable":true,"href":"https:\/\/www.wellingtondemelo.com.br\/site\/wp-json\/wp\/v2\/product_tag?post=23139"}],"curies":[{"name":"wp","href":"https:\/\/api.w.org\/{rel}","templated":true}]}}